
{"id":6382,"date":"2021-10-08T07:33:06","date_gmt":"2021-10-08T07:33:06","guid":{"rendered":"https:\/\/www.cosmic-booking-engine.com\/contact\/"},"modified":"2025-06-27T16:15:07","modified_gmt":"2025-06-27T16:15:07","slug":"iletisim","status":"publish","type":"page","link":"https:\/\/www.cosmic-booking-engine.com\/tr\/iletisim\/","title":{"rendered":"\u0130leti\u015fim"},"content":{"rendered":"\t\t<div data-elementor-type=\"wp-page\" data-elementor-id=\"6382\" class=\"elementor elementor-6382 elementor-2388\">\n\t\t\t\t<div class=\"elementor-element elementor-element-676f174 e-flex e-con-boxed e-con e-parent\" data-id=\"676f174\" data-element_type=\"container\">\n\t\t\t\t\t<div class=\"e-con-inner\">\n\t\t\t\t<div class=\"elementor-element elementor-element-947dbc7 align-center heading-style-1 elementor-widget elementor-widget-mae-headings\" data-id=\"947dbc7\" data-element_type=\"widget\" data-widget_type=\"mae-headings.default\">\n\t\t\t\t<div class=\"elementor-widget-container\">\n\t\t\t\t\t\t\t<div class=\"master-heading sep-none\">\n\t\t\t\t        \n\t        \n\t        \t        <h2 class=\"main-heading\">Size Nas\u0131l Yard\u0131mc\u0131 Olabiliriz?<\/h2>\n\t        \n\t        \n\t        \t    <\/div>\n\t    \t\t\t\t<\/div>\n\t\t\t\t<\/div>\n\t\t\t\t\t<\/div>\n\t\t\t\t<\/div>\n\t\t\t\t<section class=\"elementor-section elementor-top-section elementor-element elementor-element-40df0cd elementor-section-boxed elementor-section-height-default elementor-section-height-default\" data-id=\"40df0cd\" data-element_type=\"section\">\n\t\t\t\t\t\t<div class=\"elementor-container elementor-column-gap-default\">\n\t\t\t\t\t<div class=\"elementor-column elementor-col-50 elementor-top-column elementor-element elementor-element-a39c06f\" data-id=\"a39c06f\" data-element_type=\"column\">\n\t\t\t<div class=\"elementor-widget-wrap elementor-element-populated\">\n\t\t\t\t\t\t<div class=\"elementor-element elementor-element-55ba776 align-left icon-position-left icon-has-bg hover-effect-none elementor-widget elementor-widget-mae-icon-box\" data-id=\"55ba776\" data-element_type=\"widget\" data-widget_type=\"mae-icon-box.default\">\n\t\t\t\t<div class=\"elementor-widget-container\">\n\t\t\t\t\t\n        <div class=\"master-icon-box\" >\n                        \n            <div class=\"inner\">\n                <div class=\"icon-wrap\"><div class=\"master-icon\"><i aria-hidden=\"true\" class=\"ci ci-comments1\"><\/i><\/div><\/div>\n                <div class=\"text-wrap\">\n                    <h2 class=\"headline-2\">Genel Soru<\/h2><div class=\"desc\">Hizmetlerimiz hakk\u0131nda daha fazla bilgi almak m\u0131 istiyorsunuz?\nHer zaman size yard\u0131mc\u0131 olmaya haz\u0131r\u0131z.\n<\/div>                <\/div>\n            <\/div>\n\n            <div class=\"bg-static\"><\/div>        <\/div>\n\n        \t\t\t\t<\/div>\n\t\t\t\t<\/div>\n\t\t\t\t\t<\/div>\n\t\t<\/div>\n\t\t\t\t<div class=\"elementor-column elementor-col-50 elementor-top-column elementor-element elementor-element-0e966ff\" data-id=\"0e966ff\" data-element_type=\"column\" data-settings=\"{&quot;background_background&quot;:&quot;classic&quot;}\">\n\t\t\t<div class=\"elementor-widget-wrap elementor-element-populated\">\n\t\t\t\t\t\t<div class=\"elementor-element elementor-element-d426931 align-left icon-position-left icon-has-bg hover-effect-none elementor-widget elementor-widget-mae-icon-box\" data-id=\"d426931\" data-element_type=\"widget\" data-widget_type=\"mae-icon-box.default\">\n\t\t\t\t<div class=\"elementor-widget-container\">\n\t\t\t\t\t\n        <div class=\"master-icon-box\" >\n                        \n            <div class=\"inner\">\n                <div class=\"icon-wrap\"><div class=\"master-icon\"><i aria-hidden=\"true\" class=\"ci ci-envelope1\"><\/i><\/div><\/div>\n                <div class=\"text-wrap\">\n                    <h2 class=\"headline-2\">Mesaj\u0131n\u0131z<\/h2><div class=\"desc\">L\u00fctfen sahip oldu\u011funuz detaylar\u0131 veya sorular\u0131 iletin. Ne kadar \u00e7ok bilgi verirseniz, size o kadar iyi yard\u0131mc\u0131 olabiliriz!<\/div>                <\/div>\n            <\/div>\n\n            <div class=\"bg-static\"><\/div>        <\/div>\n\n        \t\t\t\t<\/div>\n\t\t\t\t<\/div>\n\t\t\t\t\t<\/div>\n\t\t<\/div>\n\t\t\t\t\t<\/div>\n\t\t<\/section>\n\t\t\t\t<section class=\"elementor-section elementor-top-section elementor-element elementor-element-a2418a5 elementor-section-stretched elementor-section-boxed elementor-section-height-default elementor-section-height-default\" data-id=\"a2418a5\" data-element_type=\"section\" data-settings=\"{&quot;stretch_section&quot;:&quot;section-stretched&quot;}\">\n\t\t\t\t\t\t<div class=\"elementor-container elementor-column-gap-default\">\n\t\t\t\t\t<div class=\"elementor-column elementor-col-100 elementor-top-column elementor-element elementor-element-bdc5c46\" data-id=\"bdc5c46\" data-element_type=\"column\">\n\t\t\t<div class=\"elementor-widget-wrap elementor-element-populated\">\n\t\t\t\t\t\t<div class=\"elementor-element elementor-element-7e61c67 heading-style-1 elementor-widget elementor-widget-mae-headings\" data-id=\"7e61c67\" data-element_type=\"widget\" data-widget_type=\"mae-headings.default\">\n\t\t\t\t<div class=\"elementor-widget-container\">\n\t\t\t\t\t\t\t<div class=\"master-heading sep-none\">\n\t\t\t\t        \t        \t<div class=\"pre-heading\"><span class=\"line\"><span class=\"inner\"><\/span><\/span>\u0130leti\u015fim Bilgileri <\/div>\n\t        \n\t        \n\t        \t        <h2 class=\"main-heading\">Bizimle \u0130leti\u015fime Ge\u00e7in!<\/h2>\n\t        \n\t        \n\t        \t            <div class=\"sub-heading\">\u0130ster bir sorunuz olsun, ister yard\u0131ma ihtiyac\u0131n\u0131z olsun ya da hizmetlerimiz hakk\u0131nda daha fazla bilgi edinmek isteyin, bizimle ileti\u015fime ge\u00e7mekten \u00e7ekinmeyin. Ekibimiz size yard\u0131mc\u0131 olmaya haz\u0131r!<\/div>\n\t        \t    <\/div>\n\t    \t\t\t\t<\/div>\n\t\t\t\t<\/div>\n\t\t\t\t<div class=\"elementor-element elementor-element-b3edddd cf7-style-1 elementor-widget elementor-widget-mae-contact-form-7\" data-id=\"b3edddd\" data-element_type=\"widget\" data-widget_type=\"mae-contact-form-7.default\">\n\t\t\t\t<div class=\"elementor-widget-container\">\n\t\t\t\t\t<div class=\"elementor-shortcode izeetak-cf7-0\">\n<div class=\"wpcf7 no-js\" id=\"wpcf7-f6386-o1\" lang=\"en-US\" dir=\"ltr\" data-wpcf7-id=\"6386\">\n<div class=\"screen-reader-response\"><p role=\"status\" aria-live=\"polite\" aria-atomic=\"true\"><\/p> <ul><\/ul><\/div>\n<form action=\"\/tr\/wp-json\/wp\/v2\/pages\/6382#wpcf7-f6386-o1\" method=\"post\" class=\"wpcf7-form init\" aria-label=\"Contact form\" novalidate=\"novalidate\" data-status=\"init\">\n<fieldset class=\"hidden-fields-container\"><input type=\"hidden\" name=\"_wpcf7\" value=\"6386\" \/><input type=\"hidden\" name=\"_wpcf7_version\" value=\"6.1.3\" \/><input type=\"hidden\" name=\"_wpcf7_locale\" value=\"en_US\" \/><input type=\"hidden\" name=\"_wpcf7_unit_tag\" value=\"wpcf7-f6386-o1\" \/><input type=\"hidden\" name=\"_wpcf7_container_post\" value=\"0\" \/><input type=\"hidden\" name=\"_wpcf7_posted_data_hash\" value=\"\" \/>\n<\/fieldset>\n<div class=\"input-wrap\">\n<label>\n  Ad Soyad <span class=\"wpcf7-form-control-wrap\" data-name=\"your-name\"><input size=\"40\" maxlength=\"400\" class=\"wpcf7-form-control wpcf7-text wpcf7-validates-as-required\" aria-required=\"true\" aria-invalid=\"false\" placeholder=\"L\u00fctfen size \u00f6zel destek sunabilmemiz i\u00e7in ad\u0131n\u0131z\u0131, soyad\u0131n\u0131z yaz\u0131n.\" value=\"\" type=\"text\" name=\"your-name\" \/><\/span>\n<\/label>\n<label>\n  \u015eirket Ad\u0131 <span class=\"wpcf7-form-control-wrap\" data-name=\"company-name\"><input size=\"40\" maxlength=\"400\" class=\"wpcf7-form-control wpcf7-text wpcf7-validates-as-required\" aria-required=\"true\" aria-invalid=\"false\" placeholder=\"Hangi firma ad\u0131na ileti\u015fim kurdu\u011funuzu belirtirseniz size daha h\u0131zl\u0131 yard\u0131mc\u0131 olabiliriz.\" value=\"\" type=\"text\" name=\"company-name\" \/><\/span>\n<\/label>\n<\/div>\n\n<div class=\"input-wrap\">\n<label>\n  E-posta Adresi<span class=\"wpcf7-form-control-wrap\" data-name=\"your-email\"><input size=\"40\" maxlength=\"400\" class=\"wpcf7-form-control wpcf7-email wpcf7-validates-as-required wpcf7-text wpcf7-validates-as-email\" aria-required=\"true\" aria-invalid=\"false\" placeholder=\"Taleplerinize geri d\u00f6n\u00fc\u015f sa\u011flamak i\u00e7in l\u00fctfen e-posta adresinizi yaz\u0131n\u0131z.\" value=\"\" type=\"email\" name=\"your-email\" \/><\/span>\n<\/label>\n<label>\n  Telefon Numaras\u0131 (Opsiyonel) <span class=\"wpcf7-form-control-wrap\" data-name=\"your-phone\"><input size=\"40\" maxlength=\"400\" class=\"wpcf7-form-control wpcf7-tel wpcf7-text wpcf7-validates-as-tel\" aria-invalid=\"false\" placeholder=\"Tercih ederseniz sizi telefonla da arayabiliriz.\" value=\"\" type=\"tel\" name=\"your-phone\" \/><\/span>\n<\/label>\n<\/div>\n\n<label>\n  Mesaj\u0131n\u0131z\n<span class=\"wpcf7-form-control-wrap\" data-name=\"your-message\"><textarea cols=\"40\" rows=\"10\" maxlength=\"2000\" class=\"wpcf7-form-control wpcf7-textarea\" aria-invalid=\"false\" placeholder=\"Sorular\u0131n\u0131z\u0131 ya da ihtiya\u00e7lar\u0131n\u0131z\u0131 detayland\u0131r\u0131n.\nNe kadar fazla bilgi verirseniz, size o kadar etkili yard\u0131mc\u0131 olabiliriz.\" name=\"your-message\"><\/textarea><\/span>\n<\/label>\n\n<input class=\"wpcf7-form-control wpcf7-submit has-spinner\" type=\"submit\" value=\"G\u00d6NDER\" \/><div class=\"wpcf7-response-output\" aria-hidden=\"true\"><\/div>\n<\/form>\n<\/div>\n<\/div>\t\t\t\t<\/div>\n\t\t\t\t<\/div>\n\t\t\t\t\t<\/div>\n\t\t<\/div>\n\t\t\t\t\t<\/div>\n\t\t<\/section>\n\t\t<div class=\"elementor-element elementor-element-0184fe6 e-flex e-con-boxed e-con e-parent\" data-id=\"0184fe6\" data-element_type=\"container\">\n\t\t\t\t\t<div class=\"e-con-inner\">\n\t\t\t\t<div class=\"elementor-element elementor-element-b6e288a elementor-widget elementor-widget-spacer\" data-id=\"b6e288a\" data-element_type=\"widget\" data-widget_type=\"spacer.default\">\n\t\t\t\t<div class=\"elementor-widget-container\">\n\t\t\t\t\t\t\t<div class=\"elementor-spacer\">\n\t\t\t<div class=\"elementor-spacer-inner\"><\/div>\n\t\t<\/div>\n\t\t\t\t\t\t<\/div>\n\t\t\t\t<\/div>\n\t\t\t\t\t<\/div>\n\t\t\t\t<\/div>\n\t\t\t\t<section class=\"elementor-section elementor-top-section elementor-element elementor-element-8545512 elementor-section-boxed elementor-section-height-default elementor-section-height-default elementor-invisible\" data-id=\"8545512\" data-element_type=\"section\" data-settings=\"{&quot;animation&quot;:&quot;fadeInUp&quot;}\">\n\t\t\t\t\t\t<div class=\"elementor-container elementor-column-gap-default\">\n\t\t\t\t\t<div class=\"elementor-column elementor-col-100 elementor-top-column elementor-element elementor-element-f555f12\" data-id=\"f555f12\" data-element_type=\"column\" data-settings=\"{&quot;background_background&quot;:&quot;classic&quot;}\">\n\t\t\t<div class=\"elementor-widget-wrap elementor-element-populated\">\n\t\t\t\t\t\t<div class=\"elementor-element elementor-element-63564e2 rotating elementor-widget__width-initial elementor-absolute elementor-widget elementor-widget-image\" data-id=\"63564e2\" data-element_type=\"widget\" data-settings=\"{&quot;_position&quot;:&quot;absolute&quot;}\" data-widget_type=\"image.default\">\n\t\t\t\t<div class=\"elementor-widget-container\">\n\t\t\t\t\t\t\t\t\t\t\t\t\t\t\t<img fetchpriority=\"high\" decoding=\"async\" width=\"769\" height=\"679\" src=\"https:\/\/www.cosmic-booking-engine.com\/wp-content\/uploads\/2021\/08\/dots.png\" class=\"attachment-full size-full wp-image-5616\" alt=\"\" srcset=\"https:\/\/www.cosmic-booking-engine.com\/wp-content\/uploads\/2021\/08\/dots.png 769w, https:\/\/www.cosmic-booking-engine.com\/wp-content\/uploads\/2021\/08\/dots-300x265.png 300w\" sizes=\"(max-width: 769px) 100vw, 769px\" \/>\t\t\t\t\t\t\t\t\t\t\t\t\t\t\t<\/div>\n\t\t\t\t<\/div>\n\t\t\t\t<div class=\"elementor-element elementor-element-6f7739f elementor-widget elementor-widget-spacer\" data-id=\"6f7739f\" data-element_type=\"widget\" data-widget_type=\"spacer.default\">\n\t\t\t\t<div class=\"elementor-widget-container\">\n\t\t\t\t\t\t\t<div class=\"elementor-spacer\">\n\t\t\t<div class=\"elementor-spacer-inner\"><\/div>\n\t\t<\/div>\n\t\t\t\t\t\t<\/div>\n\t\t\t\t<\/div>\n\t\t\t\t<section class=\"elementor-section elementor-inner-section elementor-element elementor-element-6123bad elementor-section-content-middle elementor-section-boxed elementor-section-height-default elementor-section-height-default\" data-id=\"6123bad\" data-element_type=\"section\">\n\t\t\t\t\t\t<div class=\"elementor-container elementor-column-gap-default\">\n\t\t\t\t\t<div class=\"elementor-column elementor-col-50 elementor-inner-column elementor-element elementor-element-86cdb31\" data-id=\"86cdb31\" data-element_type=\"column\">\n\t\t\t<div class=\"elementor-widget-wrap elementor-element-populated\">\n\t\t\t\t\t\t<div class=\"elementor-element elementor-element-84cd8ae align-left heading-style-1 elementor-widget elementor-widget-mae-headings\" data-id=\"84cd8ae\" data-element_type=\"widget\" data-widget_type=\"mae-headings.default\">\n\t\t\t\t<div class=\"elementor-widget-container\">\n\t\t\t\t\t\t\t<div class=\"master-heading sep-none\">\n\t\t\t\t        \n\t        \n\t        \t        <h2 class=\"main-heading\">Bizi Takip Edin<\/h2>\n\t        \n\t        \n\t        \t            <div class=\"sub-heading\">G\u00fcncellemeler ve duyurular i\u00e7in sosyal medya hesaplar\u0131m\u0131zdan bizi takip edin.<\/div>\n\t        \t    <\/div>\n\t    \t\t\t\t<\/div>\n\t\t\t\t<\/div>\n\t\t\t\t\t<\/div>\n\t\t<\/div>\n\t\t\t\t<div class=\"elementor-column elementor-col-50 elementor-inner-column elementor-element elementor-element-cfa4444\" data-id=\"cfa4444\" data-element_type=\"column\">\n\t\t\t<div class=\"elementor-widget-wrap elementor-element-populated\">\n\t\t\t\t\t\t<div class=\"elementor-element elementor-element-a96e016 elementor-shape-circle elementor-grid-0 e-grid-align-center elementor-widget elementor-widget-social-icons\" data-id=\"a96e016\" data-element_type=\"widget\" data-widget_type=\"social-icons.default\">\n\t\t\t\t<div class=\"elementor-widget-container\">\n\t\t\t\t\t\t\t<div class=\"elementor-social-icons-wrapper elementor-grid\">\n\t\t\t\t\t\t\t<span class=\"elementor-grid-item\">\n\t\t\t\t\t<a class=\"elementor-icon elementor-social-icon elementor-social-icon-linkedin elementor-repeater-item-b3c4c77\" href=\"https:\/\/www.linkedin.com\/company\/cosmic-booking-engine\/\" target=\"_blank\">\n\t\t\t\t\t\t<span class=\"elementor-screen-only\">Linkedin<\/span>\n\t\t\t\t\t\t<svg aria-hidden=\"true\" class=\"e-font-icon-svg e-fab-linkedin\" viewBox=\"0 0 448 512\" xmlns=\"http:\/\/www.w3.org\/2000\/svg\"><path d=\"M416 32H31.9C14.3 32 0 46.5 0 64.3v383.4C0 465.5 14.3 480 31.9 480H416c17.6 0 32-14.5 32-32.3V64.3c0-17.8-14.4-32.3-32-32.3zM135.4 416H69V202.2h66.5V416zm-33.2-243c-21.3 0-38.5-17.3-38.5-38.5S80.9 96 102.2 96c21.2 0 38.5 17.3 38.5 38.5 0 21.3-17.2 38.5-38.5 38.5zm282.1 243h-66.4V312c0-24.8-.5-56.7-34.5-56.7-34.6 0-39.9 27-39.9 54.9V416h-66.4V202.2h63.7v29.2h.9c8.9-16.8 30.6-34.5 62.9-34.5 67.2 0 79.7 44.3 79.7 101.9V416z\"><\/path><\/svg>\t\t\t\t\t<\/a>\n\t\t\t\t<\/span>\n\t\t\t\t\t<\/div>\n\t\t\t\t\t\t<\/div>\n\t\t\t\t<\/div>\n\t\t\t\t\t<\/div>\n\t\t<\/div>\n\t\t\t\t\t<\/div>\n\t\t<\/section>\n\t\t\t\t<div class=\"elementor-element elementor-element-424e0a3 elementor-widget elementor-widget-spacer\" data-id=\"424e0a3\" data-element_type=\"widget\" data-widget_type=\"spacer.default\">\n\t\t\t\t<div class=\"elementor-widget-container\">\n\t\t\t\t\t\t\t<div class=\"elementor-spacer\">\n\t\t\t<div class=\"elementor-spacer-inner\"><\/div>\n\t\t<\/div>\n\t\t\t\t\t\t<\/div>\n\t\t\t\t<\/div>\n\t\t\t\t\t<\/div>\n\t\t<\/div>\n\t\t\t\t\t<\/div>\n\t\t<\/section>\n\t\t\t\t<\/div>\n\t\t","protected":false},"excerpt":{"rendered":"<p>Size Nas\u0131l Yard\u0131mc\u0131 Olabiliriz? Genel Soru Hizmetlerimiz hakk\u0131nda daha fazla bilgi almak m\u0131 istiyorsunuz? Her zaman size yard\u0131mc\u0131 olmaya haz\u0131r\u0131z. Mesaj\u0131n\u0131z L\u00fctfen sahip oldu\u011funuz detaylar\u0131 veya sorular\u0131 iletin. Ne kadar \u00e7ok bilgi verirseniz, size o kadar iyi yard\u0131mc\u0131 olabiliriz! \u0130leti\u015fim Bilgileri Bizimle \u0130leti\u015fime Ge\u00e7in! \u0130ster bir sorunuz olsun, ister yard\u0131ma<\/p>\n","protected":false},"author":1,"featured_media":0,"parent":0,"menu_order":0,"comment_status":"closed","ping_status":"closed","template":"","meta":{"footnotes":""},"class_list":["post-6382","page","type-page","status-publish","hentry"],"yoast_head":"<!-- This site is optimized with the Yoast SEO plugin v26.2 - https:\/\/yoast.com\/wordpress\/plugins\/seo\/ -->\n<title>\u0130leti\u015fim - Cosmic Booking Engine<\/title>\n<meta name=\"robots\" content=\"index, follow, max-snippet:-1, max-image-preview:large, max-video-preview:-1\" \/>\n<link rel=\"canonical\" href=\"https:\/\/www.cosmic-booking-engine.com\/tr\/iletisim\/\" \/>\n<meta property=\"og:locale\" content=\"tr_TR\" \/>\n<meta property=\"og:type\" content=\"article\" \/>\n<meta property=\"og:title\" content=\"\u0130leti\u015fim - Cosmic Booking Engine\" \/>\n<meta property=\"og:description\" content=\"Size Nas\u0131l Yard\u0131mc\u0131 Olabiliriz? Genel Soru Hizmetlerimiz hakk\u0131nda daha fazla bilgi almak m\u0131 istiyorsunuz? Her zaman size yard\u0131mc\u0131 olmaya haz\u0131r\u0131z. Mesaj\u0131n\u0131z L\u00fctfen sahip oldu\u011funuz detaylar\u0131 veya sorular\u0131 iletin. Ne kadar \u00e7ok bilgi verirseniz, size o kadar iyi yard\u0131mc\u0131 olabiliriz! \u0130leti\u015fim Bilgileri Bizimle \u0130leti\u015fime Ge\u00e7in! \u0130ster bir sorunuz olsun, ister yard\u0131ma\" \/>\n<meta property=\"og:url\" content=\"https:\/\/www.cosmic-booking-engine.com\/tr\/iletisim\/\" \/>\n<meta property=\"og:site_name\" content=\"Cosmic Booking Engine\" \/>\n<meta property=\"article:modified_time\" content=\"2025-06-27T16:15:07+00:00\" \/>\n<meta property=\"og:image\" content=\"http:\/\/www.cosmic-booking-engine.com\/wp-content\/uploads\/2021\/08\/dots.png\" \/>\n<meta name=\"twitter:card\" content=\"summary_large_image\" \/>\n<meta name=\"twitter:label1\" content=\"Tahmini okuma s\u00fcresi\" \/>\n\t<meta name=\"twitter:data1\" content=\"1 dakika\" \/>\n<script type=\"application\/ld+json\" class=\"yoast-schema-graph\">{\"@context\":\"https:\/\/schema.org\",\"@graph\":[{\"@type\":\"WebPage\",\"@id\":\"https:\/\/www.cosmic-booking-engine.com\/tr\/iletisim\/\",\"url\":\"https:\/\/www.cosmic-booking-engine.com\/tr\/iletisim\/\",\"name\":\"\u0130leti\u015fim - Cosmic Booking Engine\",\"isPartOf\":{\"@id\":\"https:\/\/www.cosmic-booking-engine.com\/#website\"},\"primaryImageOfPage\":{\"@id\":\"https:\/\/www.cosmic-booking-engine.com\/tr\/iletisim\/#primaryimage\"},\"image\":{\"@id\":\"https:\/\/www.cosmic-booking-engine.com\/tr\/iletisim\/#primaryimage\"},\"thumbnailUrl\":\"http:\/\/www.cosmic-booking-engine.com\/wp-content\/uploads\/2021\/08\/dots.png\",\"datePublished\":\"2021-10-08T07:33:06+00:00\",\"dateModified\":\"2025-06-27T16:15:07+00:00\",\"breadcrumb\":{\"@id\":\"https:\/\/www.cosmic-booking-engine.com\/tr\/iletisim\/#breadcrumb\"},\"inLanguage\":\"tr\",\"potentialAction\":[{\"@type\":\"ReadAction\",\"target\":[\"https:\/\/www.cosmic-booking-engine.com\/tr\/iletisim\/\"]}]},{\"@type\":\"ImageObject\",\"inLanguage\":\"tr\",\"@id\":\"https:\/\/www.cosmic-booking-engine.com\/tr\/iletisim\/#primaryimage\",\"url\":\"http:\/\/www.cosmic-booking-engine.com\/wp-content\/uploads\/2021\/08\/dots.png\",\"contentUrl\":\"http:\/\/www.cosmic-booking-engine.com\/wp-content\/uploads\/2021\/08\/dots.png\"},{\"@type\":\"BreadcrumbList\",\"@id\":\"https:\/\/www.cosmic-booking-engine.com\/tr\/iletisim\/#breadcrumb\",\"itemListElement\":[{\"@type\":\"ListItem\",\"position\":1,\"name\":\"Home\",\"item\":\"https:\/\/www.cosmic-booking-engine.com\/\"},{\"@type\":\"ListItem\",\"position\":2,\"name\":\"\u0130leti\u015fim\"}]},{\"@type\":\"WebSite\",\"@id\":\"https:\/\/www.cosmic-booking-engine.com\/#website\",\"url\":\"https:\/\/www.cosmic-booking-engine.com\/\",\"name\":\"Cosmic Booking Engine\",\"description\":\"\",\"publisher\":{\"@id\":\"https:\/\/www.cosmic-booking-engine.com\/#organization\"},\"potentialAction\":[{\"@type\":\"SearchAction\",\"target\":{\"@type\":\"EntryPoint\",\"urlTemplate\":\"https:\/\/www.cosmic-booking-engine.com\/?s={search_term_string}\"},\"query-input\":{\"@type\":\"PropertyValueSpecification\",\"valueRequired\":true,\"valueName\":\"search_term_string\"}}],\"inLanguage\":\"tr\"},{\"@type\":\"Organization\",\"@id\":\"https:\/\/www.cosmic-booking-engine.com\/#organization\",\"name\":\"Cosmic Booking Engine\",\"url\":\"https:\/\/www.cosmic-booking-engine.com\/\",\"logo\":{\"@type\":\"ImageObject\",\"inLanguage\":\"tr\",\"@id\":\"https:\/\/www.cosmic-booking-engine.com\/#\/schema\/logo\/image\/\",\"url\":\"https:\/\/www.cosmic-booking-engine.com\/wp-content\/uploads\/2025\/09\/favicon.png\",\"contentUrl\":\"https:\/\/www.cosmic-booking-engine.com\/wp-content\/uploads\/2025\/09\/favicon.png\",\"width\":500,\"height\":500,\"caption\":\"Cosmic Booking Engine\"},\"image\":{\"@id\":\"https:\/\/www.cosmic-booking-engine.com\/#\/schema\/logo\/image\/\"}}]}<\/script>\n<!-- \/ Yoast SEO plugin. -->","yoast_head_json":{"title":"\u0130leti\u015fim - Cosmic Booking Engine","robots":{"index":"index","follow":"follow","max-snippet":"max-snippet:-1","max-image-preview":"max-image-preview:large","max-video-preview":"max-video-preview:-1"},"canonical":"https:\/\/www.cosmic-booking-engine.com\/tr\/iletisim\/","og_locale":"tr_TR","og_type":"article","og_title":"\u0130leti\u015fim - Cosmic Booking Engine","og_description":"Size Nas\u0131l Yard\u0131mc\u0131 Olabiliriz? Genel Soru Hizmetlerimiz hakk\u0131nda daha fazla bilgi almak m\u0131 istiyorsunuz? Her zaman size yard\u0131mc\u0131 olmaya haz\u0131r\u0131z. Mesaj\u0131n\u0131z L\u00fctfen sahip oldu\u011funuz detaylar\u0131 veya sorular\u0131 iletin. Ne kadar \u00e7ok bilgi verirseniz, size o kadar iyi yard\u0131mc\u0131 olabiliriz! \u0130leti\u015fim Bilgileri Bizimle \u0130leti\u015fime Ge\u00e7in! \u0130ster bir sorunuz olsun, ister yard\u0131ma","og_url":"https:\/\/www.cosmic-booking-engine.com\/tr\/iletisim\/","og_site_name":"Cosmic Booking Engine","article_modified_time":"2025-06-27T16:15:07+00:00","og_image":[{"url":"http:\/\/www.cosmic-booking-engine.com\/wp-content\/uploads\/2021\/08\/dots.png","type":"","width":"","height":""}],"twitter_card":"summary_large_image","twitter_misc":{"Tahmini okuma s\u00fcresi":"1 dakika"},"schema":{"@context":"https:\/\/schema.org","@graph":[{"@type":"WebPage","@id":"https:\/\/www.cosmic-booking-engine.com\/tr\/iletisim\/","url":"https:\/\/www.cosmic-booking-engine.com\/tr\/iletisim\/","name":"\u0130leti\u015fim - Cosmic Booking Engine","isPartOf":{"@id":"https:\/\/www.cosmic-booking-engine.com\/#website"},"primaryImageOfPage":{"@id":"https:\/\/www.cosmic-booking-engine.com\/tr\/iletisim\/#primaryimage"},"image":{"@id":"https:\/\/www.cosmic-booking-engine.com\/tr\/iletisim\/#primaryimage"},"thumbnailUrl":"http:\/\/www.cosmic-booking-engine.com\/wp-content\/uploads\/2021\/08\/dots.png","datePublished":"2021-10-08T07:33:06+00:00","dateModified":"2025-06-27T16:15:07+00:00","breadcrumb":{"@id":"https:\/\/www.cosmic-booking-engine.com\/tr\/iletisim\/#breadcrumb"},"inLanguage":"tr","potentialAction":[{"@type":"ReadAction","target":["https:\/\/www.cosmic-booking-engine.com\/tr\/iletisim\/"]}]},{"@type":"ImageObject","inLanguage":"tr","@id":"https:\/\/www.cosmic-booking-engine.com\/tr\/iletisim\/#primaryimage","url":"http:\/\/www.cosmic-booking-engine.com\/wp-content\/uploads\/2021\/08\/dots.png","contentUrl":"http:\/\/www.cosmic-booking-engine.com\/wp-content\/uploads\/2021\/08\/dots.png"},{"@type":"BreadcrumbList","@id":"https:\/\/www.cosmic-booking-engine.com\/tr\/iletisim\/#breadcrumb","itemListElement":[{"@type":"ListItem","position":1,"name":"Home","item":"https:\/\/www.cosmic-booking-engine.com\/"},{"@type":"ListItem","position":2,"name":"\u0130leti\u015fim"}]},{"@type":"WebSite","@id":"https:\/\/www.cosmic-booking-engine.com\/#website","url":"https:\/\/www.cosmic-booking-engine.com\/","name":"Cosmic Booking Engine","description":"","publisher":{"@id":"https:\/\/www.cosmic-booking-engine.com\/#organization"},"potentialAction":[{"@type":"SearchAction","target":{"@type":"EntryPoint","urlTemplate":"https:\/\/www.cosmic-booking-engine.com\/?s={search_term_string}"},"query-input":{"@type":"PropertyValueSpecification","valueRequired":true,"valueName":"search_term_string"}}],"inLanguage":"tr"},{"@type":"Organization","@id":"https:\/\/www.cosmic-booking-engine.com\/#organization","name":"Cosmic Booking Engine","url":"https:\/\/www.cosmic-booking-engine.com\/","logo":{"@type":"ImageObject","inLanguage":"tr","@id":"https:\/\/www.cosmic-booking-engine.com\/#\/schema\/logo\/image\/","url":"https:\/\/www.cosmic-booking-engine.com\/wp-content\/uploads\/2025\/09\/favicon.png","contentUrl":"https:\/\/www.cosmic-booking-engine.com\/wp-content\/uploads\/2025\/09\/favicon.png","width":500,"height":500,"caption":"Cosmic Booking Engine"},"image":{"@id":"https:\/\/www.cosmic-booking-engine.com\/#\/schema\/logo\/image\/"}}]}},"_links":{"self":[{"href":"https:\/\/www.cosmic-booking-engine.com\/tr\/wp-json\/wp\/v2\/pages\/6382","targetHints":{"allow":["GET"]}}],"collection":[{"href":"https:\/\/www.cosmic-booking-engine.com\/tr\/wp-json\/wp\/v2\/pages"}],"about":[{"href":"https:\/\/www.cosmic-booking-engine.com\/tr\/wp-json\/wp\/v2\/types\/page"}],"author":[{"embeddable":true,"href":"https:\/\/www.cosmic-booking-engine.com\/tr\/wp-json\/wp\/v2\/users\/1"}],"replies":[{"embeddable":true,"href":"https:\/\/www.cosmic-booking-engine.com\/tr\/wp-json\/wp\/v2\/comments?post=6382"}],"version-history":[{"count":7,"href":"https:\/\/www.cosmic-booking-engine.com\/tr\/wp-json\/wp\/v2\/pages\/6382\/revisions"}],"predecessor-version":[{"id":6538,"href":"https:\/\/www.cosmic-booking-engine.com\/tr\/wp-json\/wp\/v2\/pages\/6382\/revisions\/6538"}],"wp:attachment":[{"href":"https:\/\/www.cosmic-booking-engine.com\/tr\/wp-json\/wp\/v2\/media?parent=6382"}],"curies":[{"name":"wp","href":"https:\/\/api.w.org\/{rel}","templated":true}]}}