
{"id":6352,"date":"2025-03-24T15:36:56","date_gmt":"2025-03-24T15:36:56","guid":{"rendered":"https:\/\/www.cosmic-booking-engine.com\/reservation-management-on-leading-ota-platforms\/"},"modified":"2025-06-27T16:14:25","modified_gmt":"2025-06-27T16:14:25","slug":"baslica-ota-platformlarinda-rezervasyon-yonetimi","status":"publish","type":"page","link":"https:\/\/www.cosmic-booking-engine.com\/tr\/baslica-ota-platformlarinda-rezervasyon-yonetimi\/","title":{"rendered":"Ba\u015fl\u0131ca OTA Platformlar\u0131nda Rezervasyon Y\u00f6netimi"},"content":{"rendered":"\t\t<div data-elementor-type=\"wp-page\" data-elementor-id=\"6352\" class=\"elementor elementor-6352 elementor-4418\">\n\t\t\t\t<div class=\"elementor-element elementor-element-db35bd2 e-flex e-con-boxed e-con e-parent\" data-id=\"db35bd2\" data-element_type=\"container\">\n\t\t\t\t\t<div class=\"e-con-inner\">\n\t\t\t\t<div class=\"elementor-element elementor-element-1ee16b4 elementor-widget elementor-widget-spacer\" data-id=\"1ee16b4\" data-element_type=\"widget\" data-widget_type=\"spacer.default\">\n\t\t\t\t<div class=\"elementor-widget-container\">\n\t\t\t\t\t\t\t<div class=\"elementor-spacer\">\n\t\t\t<div class=\"elementor-spacer-inner\"><\/div>\n\t\t<\/div>\n\t\t\t\t\t\t<\/div>\n\t\t\t\t<\/div>\n\t\t\t\t\t<\/div>\n\t\t\t\t<\/div>\n\t\t\t\t<section class=\"elementor-section elementor-top-section elementor-element elementor-element-4d1b972 elementor-section-boxed elementor-section-height-default elementor-section-height-default\" data-id=\"4d1b972\" data-element_type=\"section\">\n\t\t\t\t\t\t<div class=\"elementor-container elementor-column-gap-default\">\n\t\t\t\t\t<div class=\"elementor-column elementor-col-50 elementor-top-column elementor-element elementor-element-fae1a0e\" data-id=\"fae1a0e\" data-element_type=\"column\">\n\t\t\t<div class=\"elementor-widget-wrap elementor-element-populated\">\n\t\t\t\t\t\t<div class=\"elementor-element elementor-element-f3ec388 image-box-style-3 elementor-widget elementor-widget-mae-image-box\" data-id=\"f3ec388\" data-element_type=\"widget\" data-widget_type=\"mae-image-box.default\">\n\t\t\t\t<div class=\"elementor-widget-container\">\n\t\t\t\t\t        <div class=\"master-image-box \">\n            <div class=\"thumb\"><div class=\"url-wrap\"><a class=\"arrow\" href=\"\"><\/a><\/div><\/div>\n            <div class=\"content-wrap\">\n                <h3 class=\"headline-2\">T\u00fcm OTA'lar \u00dczerinden Rezervasyonlar\u0131n\u0131z\u0131 Tek Bir Sistemden Y\u00f6netin<\/h3><div class=\"desc\"><p>GetYourGuide, Viator, Booking.com gibi \u00f6nde gelen Online Travel Agency (OTA) platformlar\u0131 \u00fczerinden gelen rezervasyonlar\u0131 y\u00f6netmek \u00e7o\u011fu zaman karma\u015f\u0131k ve zaman al\u0131c\u0131 olabilir.<\/p><p>Ancak Cosmic Booking Engine ile bu s\u00fcre\u00e7 art\u0131k \u00e7ok daha kolay.<\/p><\/div>            <\/div>\n        <\/div>\n\n        \t\t\t\t<\/div>\n\t\t\t\t<\/div>\n\t\t\t\t\t<\/div>\n\t\t<\/div>\n\t\t\t\t<div class=\"elementor-column elementor-col-50 elementor-top-column elementor-element elementor-element-bd8e516\" data-id=\"bd8e516\" data-element_type=\"column\">\n\t\t\t<div class=\"elementor-widget-wrap elementor-element-populated\">\n\t\t\t\t\t\t<div class=\"elementor-element elementor-element-0b3cbe5 image-box-style-3 elementor-widget elementor-widget-mae-image-box\" data-id=\"0b3cbe5\" data-element_type=\"widget\" data-widget_type=\"mae-image-box.default\">\n\t\t\t\t<div class=\"elementor-widget-container\">\n\t\t\t\t\t        <div class=\"master-image-box \">\n            <div class=\"thumb\"><div class=\"url-wrap\"><a class=\"arrow\" href=\"\"><\/a><\/div><\/div>\n            <div class=\"content-wrap\">\n                <h3 class=\"headline-2\">Art\u0131r\u0131lm\u0131\u015f Verimlilik<\/h3><div class=\"desc\"><p>Rezervasyonlar\u0131n\u0131z\u0131 kolayca y\u00f6netin, i\u015flemleri sorunsuz ger\u00e7ekle\u015ftirin. Bu da ekibinize daha fazla zaman kazand\u0131r\u0131r ve ziyaret\u00e7ilere daha iyi bir deneyim sunman\u0131za olanak tan\u0131r.<\/p><\/div>            <\/div>\n        <\/div>\n\n        \t\t\t\t<\/div>\n\t\t\t\t<\/div>\n\t\t\t\t\t<\/div>\n\t\t<\/div>\n\t\t\t\t\t<\/div>\n\t\t<\/section>\n\t\t\t\t<section class=\"elementor-section elementor-top-section elementor-element elementor-element-a53d17c elementor-section-boxed elementor-section-height-default elementor-section-height-default\" data-id=\"a53d17c\" data-element_type=\"section\">\n\t\t\t\t\t\t<div class=\"elementor-container elementor-column-gap-default\">\n\t\t\t\t\t<div class=\"elementor-column elementor-col-33 elementor-top-column elementor-element elementor-element-5a12be1\" data-id=\"5a12be1\" data-element_type=\"column\">\n\t\t\t<div class=\"elementor-widget-wrap elementor-element-populated\">\n\t\t\t\t\t\t<div class=\"elementor-element elementor-element-fddd980 image-box-style-3 elementor-widget elementor-widget-mae-image-box\" data-id=\"fddd980\" data-element_type=\"widget\" data-widget_type=\"mae-image-box.default\">\n\t\t\t\t<div class=\"elementor-widget-container\">\n\t\t\t\t\t        <div class=\"master-image-box \">\n            <div class=\"thumb\"><div class=\"url-wrap\"><a class=\"arrow\" href=\"\"><\/a><\/div><\/div>\n            <div class=\"content-wrap\">\n                <h3 class=\"headline-2\">T\u00fcm Platformlarda Geliri Art\u0131r\u0131n<\/h3><div class=\"desc\"><p>Fiyatland\u0131rma, m\u00fcsaitlik ve tekliflerinizi her OTA\u2019da ayr\u0131 ayr\u0131 de\u011fil, tek sistemden y\u00f6netin.<br \/>Sat\u0131\u015f stratejilerinizi her platforma g\u00f6re optimize edin, gelirinizi maksimize edin.<\/p><\/div>            <\/div>\n        <\/div>\n\n        \t\t\t\t<\/div>\n\t\t\t\t<\/div>\n\t\t\t\t\t<\/div>\n\t\t<\/div>\n\t\t\t\t<div class=\"elementor-column elementor-col-33 elementor-top-column elementor-element elementor-element-27d2490\" data-id=\"27d2490\" data-element_type=\"column\">\n\t\t\t<div class=\"elementor-widget-wrap elementor-element-populated\">\n\t\t\t\t\t\t<div class=\"elementor-element elementor-element-7e8cc54 image-box-style-3 elementor-widget elementor-widget-mae-image-box\" data-id=\"7e8cc54\" data-element_type=\"widget\" data-widget_type=\"mae-image-box.default\">\n\t\t\t\t<div class=\"elementor-widget-container\">\n\t\t\t\t\t        <div class=\"master-image-box \">\n            <div class=\"thumb\"><div class=\"url-wrap\"><a class=\"arrow\" href=\"\"><\/a><\/div><\/div>\n            <div class=\"content-wrap\">\n                <h3 class=\"headline-2\">Rezervasyon Y\u00f6netimini Geli\u015ftirin, Geliri Y\u00fckseltin<\/h3><div class=\"desc\"><p>Rezervasyonlar\u0131n\u0131z\u0131 merkezile\u015ftirerek zaman kazan\u0131n, hatalar\u0131 azalt\u0131n ve daha verimli bir s\u00fcre\u00e7 olu\u015fturun. \u00d6nde gelen OTA\u2019larla entegrasyon sayesinde eri\u015fiminizi art\u0131r\u0131n, sat\u0131\u015flar\u0131n\u0131z\u0131 kolayca y\u00f6netin.<\/p><\/div>            <\/div>\n        <\/div>\n\n        \t\t\t\t<\/div>\n\t\t\t\t<\/div>\n\t\t\t\t\t<\/div>\n\t\t<\/div>\n\t\t\t\t<div class=\"elementor-column elementor-col-33 elementor-top-column elementor-element elementor-element-d5ca7d9\" data-id=\"d5ca7d9\" data-element_type=\"column\">\n\t\t\t<div class=\"elementor-widget-wrap elementor-element-populated\">\n\t\t\t\t\t\t<div class=\"elementor-element elementor-element-519f223 image-box-style-3 elementor-widget elementor-widget-mae-image-box\" data-id=\"519f223\" data-element_type=\"widget\" data-widget_type=\"mae-image-box.default\">\n\t\t\t\t<div class=\"elementor-widget-container\">\n\t\t\t\t\t        <div class=\"master-image-box \">\n            <div class=\"thumb\"><div class=\"url-wrap\"><a class=\"arrow\" href=\"\"><\/a><\/div><\/div>\n            <div class=\"content-wrap\">\n                <h3 class=\"headline-2\">Merkezi Rezervasyon Sistemi<\/h3><div class=\"desc\"><p>T\u00fcm rezervasyonlar\u0131n\u0131z\u0131 tek bir kullan\u0131c\u0131 panelinde birle\u015ftirin.<br \/>\u0130ster GetYourGuide, ister Viator veya ba\u015fka bir OTA \u00fczerinden gelsin \u2014 hepsi tek bir aray\u00fczde y\u00f6netilir. Platformlar aras\u0131nda ge\u00e7i\u015f yapmaya gerek kalmaz, b\u00f6ylece idari y\u00fck azal\u0131r.<\/p><\/div>            <\/div>\n        <\/div>\n\n        \t\t\t\t<\/div>\n\t\t\t\t<\/div>\n\t\t\t\t\t<\/div>\n\t\t<\/div>\n\t\t\t\t\t<\/div>\n\t\t<\/section>\n\t\t<div class=\"elementor-element elementor-element-804e8ce e-flex e-con-boxed e-con e-parent\" data-id=\"804e8ce\" data-element_type=\"container\">\n\t\t\t\t\t<div class=\"e-con-inner\">\n\t\t\t\t<div class=\"elementor-element elementor-element-03c6f21 elementor-widget elementor-widget-spacer\" data-id=\"03c6f21\" data-element_type=\"widget\" data-widget_type=\"spacer.default\">\n\t\t\t\t<div class=\"elementor-widget-container\">\n\t\t\t\t\t\t\t<div class=\"elementor-spacer\">\n\t\t\t<div class=\"elementor-spacer-inner\"><\/div>\n\t\t<\/div>\n\t\t\t\t\t\t<\/div>\n\t\t\t\t<\/div>\n\t\t\t\t\t<\/div>\n\t\t\t\t<\/div>\n\t\t\t\t<\/div>\n\t\t","protected":false},"excerpt":{"rendered":"<p>T\u00fcm OTA&#8217;lar \u00dczerinden Rezervasyonlar\u0131n\u0131z\u0131 Tek Bir Sistemden Y\u00f6netin GetYourGuide, Viator, Booking.com gibi \u00f6nde gelen Online Travel Agency (OTA) platformlar\u0131 \u00fczerinden gelen rezervasyonlar\u0131 y\u00f6netmek \u00e7o\u011fu zaman karma\u015f\u0131k ve zaman al\u0131c\u0131 olabilir. Ancak Cosmic Booking Engine ile bu s\u00fcre\u00e7 art\u0131k \u00e7ok daha kolay. Art\u0131r\u0131lm\u0131\u015f Verimlilik Rezervasyonlar\u0131n\u0131z\u0131 kolayca y\u00f6netin, i\u015flemleri sorunsuz ger\u00e7ekle\u015ftirin. Bu<\/p>\n","protected":false},"author":1,"featured_media":0,"parent":0,"menu_order":0,"comment_status":"closed","ping_status":"closed","template":"","meta":{"footnotes":""},"class_list":["post-6352","page","type-page","status-publish","hentry"],"yoast_head":"<!-- This site is optimized with the Yoast SEO plugin v26.2 - https:\/\/yoast.com\/wordpress\/plugins\/seo\/ -->\n<title>Ba\u015fl\u0131ca OTA Platformlar\u0131nda Rezervasyon Y\u00f6netimi - Cosmic Booking Engine<\/title>\n<meta name=\"robots\" content=\"index, follow, max-snippet:-1, max-image-preview:large, max-video-preview:-1\" \/>\n<link rel=\"canonical\" href=\"https:\/\/www.cosmic-booking-engine.com\/tr\/baslica-ota-platformlarinda-rezervasyon-yonetimi\/\" \/>\n<meta property=\"og:locale\" content=\"tr_TR\" \/>\n<meta property=\"og:type\" content=\"article\" \/>\n<meta property=\"og:title\" content=\"Ba\u015fl\u0131ca OTA Platformlar\u0131nda Rezervasyon Y\u00f6netimi - Cosmic Booking Engine\" \/>\n<meta property=\"og:description\" content=\"T\u00fcm OTA&#8217;lar \u00dczerinden Rezervasyonlar\u0131n\u0131z\u0131 Tek Bir Sistemden Y\u00f6netin GetYourGuide, Viator, Booking.com gibi \u00f6nde gelen Online Travel Agency (OTA) platformlar\u0131 \u00fczerinden gelen rezervasyonlar\u0131 y\u00f6netmek \u00e7o\u011fu zaman karma\u015f\u0131k ve zaman al\u0131c\u0131 olabilir. Ancak Cosmic Booking Engine ile bu s\u00fcre\u00e7 art\u0131k \u00e7ok daha kolay. Art\u0131r\u0131lm\u0131\u015f Verimlilik Rezervasyonlar\u0131n\u0131z\u0131 kolayca y\u00f6netin, i\u015flemleri sorunsuz ger\u00e7ekle\u015ftirin. Bu\" \/>\n<meta property=\"og:url\" content=\"https:\/\/www.cosmic-booking-engine.com\/tr\/baslica-ota-platformlarinda-rezervasyon-yonetimi\/\" \/>\n<meta property=\"og:site_name\" content=\"Cosmic Booking Engine\" \/>\n<meta property=\"article:modified_time\" content=\"2025-06-27T16:14:25+00:00\" \/>\n<meta property=\"og:image\" content=\"https:\/\/www.cosmic-booking-engine.com\/wp-content\/uploads\/2025\/09\/favicon.png\" \/>\n\t<meta property=\"og:image:width\" content=\"500\" \/>\n\t<meta property=\"og:image:height\" content=\"500\" \/>\n\t<meta property=\"og:image:type\" content=\"image\/png\" \/>\n<meta name=\"twitter:card\" content=\"summary_large_image\" \/>\n<meta name=\"twitter:label1\" content=\"Tahmini okuma s\u00fcresi\" \/>\n\t<meta name=\"twitter:data1\" content=\"1 dakika\" \/>\n<script type=\"application\/ld+json\" class=\"yoast-schema-graph\">{\"@context\":\"https:\/\/schema.org\",\"@graph\":[{\"@type\":\"WebPage\",\"@id\":\"https:\/\/www.cosmic-booking-engine.com\/tr\/baslica-ota-platformlarinda-rezervasyon-yonetimi\/\",\"url\":\"https:\/\/www.cosmic-booking-engine.com\/tr\/baslica-ota-platformlarinda-rezervasyon-yonetimi\/\",\"name\":\"Ba\u015fl\u0131ca OTA Platformlar\u0131nda Rezervasyon Y\u00f6netimi - Cosmic Booking Engine\",\"isPartOf\":{\"@id\":\"https:\/\/www.cosmic-booking-engine.com\/#website\"},\"datePublished\":\"2025-03-24T15:36:56+00:00\",\"dateModified\":\"2025-06-27T16:14:25+00:00\",\"breadcrumb\":{\"@id\":\"https:\/\/www.cosmic-booking-engine.com\/tr\/baslica-ota-platformlarinda-rezervasyon-yonetimi\/#breadcrumb\"},\"inLanguage\":\"tr\",\"potentialAction\":[{\"@type\":\"ReadAction\",\"target\":[\"https:\/\/www.cosmic-booking-engine.com\/tr\/baslica-ota-platformlarinda-rezervasyon-yonetimi\/\"]}]},{\"@type\":\"BreadcrumbList\",\"@id\":\"https:\/\/www.cosmic-booking-engine.com\/tr\/baslica-ota-platformlarinda-rezervasyon-yonetimi\/#breadcrumb\",\"itemListElement\":[{\"@type\":\"ListItem\",\"position\":1,\"name\":\"Home\",\"item\":\"https:\/\/www.cosmic-booking-engine.com\/\"},{\"@type\":\"ListItem\",\"position\":2,\"name\":\"Ba\u015fl\u0131ca OTA Platformlar\u0131nda Rezervasyon Y\u00f6netimi\"}]},{\"@type\":\"WebSite\",\"@id\":\"https:\/\/www.cosmic-booking-engine.com\/#website\",\"url\":\"https:\/\/www.cosmic-booking-engine.com\/\",\"name\":\"Cosmic Booking Engine\",\"description\":\"\",\"publisher\":{\"@id\":\"https:\/\/www.cosmic-booking-engine.com\/#organization\"},\"potentialAction\":[{\"@type\":\"SearchAction\",\"target\":{\"@type\":\"EntryPoint\",\"urlTemplate\":\"https:\/\/www.cosmic-booking-engine.com\/?s={search_term_string}\"},\"query-input\":{\"@type\":\"PropertyValueSpecification\",\"valueRequired\":true,\"valueName\":\"search_term_string\"}}],\"inLanguage\":\"tr\"},{\"@type\":\"Organization\",\"@id\":\"https:\/\/www.cosmic-booking-engine.com\/#organization\",\"name\":\"Cosmic Booking Engine\",\"url\":\"https:\/\/www.cosmic-booking-engine.com\/\",\"logo\":{\"@type\":\"ImageObject\",\"inLanguage\":\"tr\",\"@id\":\"https:\/\/www.cosmic-booking-engine.com\/#\/schema\/logo\/image\/\",\"url\":\"https:\/\/www.cosmic-booking-engine.com\/wp-content\/uploads\/2025\/09\/favicon.png\",\"contentUrl\":\"https:\/\/www.cosmic-booking-engine.com\/wp-content\/uploads\/2025\/09\/favicon.png\",\"width\":500,\"height\":500,\"caption\":\"Cosmic Booking Engine\"},\"image\":{\"@id\":\"https:\/\/www.cosmic-booking-engine.com\/#\/schema\/logo\/image\/\"}}]}<\/script>\n<!-- \/ Yoast SEO plugin. -->","yoast_head_json":{"title":"Ba\u015fl\u0131ca OTA Platformlar\u0131nda Rezervasyon Y\u00f6netimi - Cosmic Booking Engine","robots":{"index":"index","follow":"follow","max-snippet":"max-snippet:-1","max-image-preview":"max-image-preview:large","max-video-preview":"max-video-preview:-1"},"canonical":"https:\/\/www.cosmic-booking-engine.com\/tr\/baslica-ota-platformlarinda-rezervasyon-yonetimi\/","og_locale":"tr_TR","og_type":"article","og_title":"Ba\u015fl\u0131ca OTA Platformlar\u0131nda Rezervasyon Y\u00f6netimi - Cosmic Booking Engine","og_description":"T\u00fcm OTA&#8217;lar \u00dczerinden Rezervasyonlar\u0131n\u0131z\u0131 Tek Bir Sistemden Y\u00f6netin GetYourGuide, Viator, Booking.com gibi \u00f6nde gelen Online Travel Agency (OTA) platformlar\u0131 \u00fczerinden gelen rezervasyonlar\u0131 y\u00f6netmek \u00e7o\u011fu zaman karma\u015f\u0131k ve zaman al\u0131c\u0131 olabilir. Ancak Cosmic Booking Engine ile bu s\u00fcre\u00e7 art\u0131k \u00e7ok daha kolay. Art\u0131r\u0131lm\u0131\u015f Verimlilik Rezervasyonlar\u0131n\u0131z\u0131 kolayca y\u00f6netin, i\u015flemleri sorunsuz ger\u00e7ekle\u015ftirin. Bu","og_url":"https:\/\/www.cosmic-booking-engine.com\/tr\/baslica-ota-platformlarinda-rezervasyon-yonetimi\/","og_site_name":"Cosmic Booking Engine","article_modified_time":"2025-06-27T16:14:25+00:00","og_image":[{"width":500,"height":500,"url":"https:\/\/www.cosmic-booking-engine.com\/wp-content\/uploads\/2025\/09\/favicon.png","type":"image\/png"}],"twitter_card":"summary_large_image","twitter_misc":{"Tahmini okuma s\u00fcresi":"1 dakika"},"schema":{"@context":"https:\/\/schema.org","@graph":[{"@type":"WebPage","@id":"https:\/\/www.cosmic-booking-engine.com\/tr\/baslica-ota-platformlarinda-rezervasyon-yonetimi\/","url":"https:\/\/www.cosmic-booking-engine.com\/tr\/baslica-ota-platformlarinda-rezervasyon-yonetimi\/","name":"Ba\u015fl\u0131ca OTA Platformlar\u0131nda Rezervasyon Y\u00f6netimi - Cosmic Booking Engine","isPartOf":{"@id":"https:\/\/www.cosmic-booking-engine.com\/#website"},"datePublished":"2025-03-24T15:36:56+00:00","dateModified":"2025-06-27T16:14:25+00:00","breadcrumb":{"@id":"https:\/\/www.cosmic-booking-engine.com\/tr\/baslica-ota-platformlarinda-rezervasyon-yonetimi\/#breadcrumb"},"inLanguage":"tr","potentialAction":[{"@type":"ReadAction","target":["https:\/\/www.cosmic-booking-engine.com\/tr\/baslica-ota-platformlarinda-rezervasyon-yonetimi\/"]}]},{"@type":"BreadcrumbList","@id":"https:\/\/www.cosmic-booking-engine.com\/tr\/baslica-ota-platformlarinda-rezervasyon-yonetimi\/#breadcrumb","itemListElement":[{"@type":"ListItem","position":1,"name":"Home","item":"https:\/\/www.cosmic-booking-engine.com\/"},{"@type":"ListItem","position":2,"name":"Ba\u015fl\u0131ca OTA Platformlar\u0131nda Rezervasyon Y\u00f6netimi"}]},{"@type":"WebSite","@id":"https:\/\/www.cosmic-booking-engine.com\/#website","url":"https:\/\/www.cosmic-booking-engine.com\/","name":"Cosmic Booking Engine","description":"","publisher":{"@id":"https:\/\/www.cosmic-booking-engine.com\/#organization"},"potentialAction":[{"@type":"SearchAction","target":{"@type":"EntryPoint","urlTemplate":"https:\/\/www.cosmic-booking-engine.com\/?s={search_term_string}"},"query-input":{"@type":"PropertyValueSpecification","valueRequired":true,"valueName":"search_term_string"}}],"inLanguage":"tr"},{"@type":"Organization","@id":"https:\/\/www.cosmic-booking-engine.com\/#organization","name":"Cosmic Booking Engine","url":"https:\/\/www.cosmic-booking-engine.com\/","logo":{"@type":"ImageObject","inLanguage":"tr","@id":"https:\/\/www.cosmic-booking-engine.com\/#\/schema\/logo\/image\/","url":"https:\/\/www.cosmic-booking-engine.com\/wp-content\/uploads\/2025\/09\/favicon.png","contentUrl":"https:\/\/www.cosmic-booking-engine.com\/wp-content\/uploads\/2025\/09\/favicon.png","width":500,"height":500,"caption":"Cosmic Booking Engine"},"image":{"@id":"https:\/\/www.cosmic-booking-engine.com\/#\/schema\/logo\/image\/"}}]}},"_links":{"self":[{"href":"https:\/\/www.cosmic-booking-engine.com\/tr\/wp-json\/wp\/v2\/pages\/6352","targetHints":{"allow":["GET"]}}],"collection":[{"href":"https:\/\/www.cosmic-booking-engine.com\/tr\/wp-json\/wp\/v2\/pages"}],"about":[{"href":"https:\/\/www.cosmic-booking-engine.com\/tr\/wp-json\/wp\/v2\/types\/page"}],"author":[{"embeddable":true,"href":"https:\/\/www.cosmic-booking-engine.com\/tr\/wp-json\/wp\/v2\/users\/1"}],"replies":[{"embeddable":true,"href":"https:\/\/www.cosmic-booking-engine.com\/tr\/wp-json\/wp\/v2\/comments?post=6352"}],"version-history":[{"count":24,"href":"https:\/\/www.cosmic-booking-engine.com\/tr\/wp-json\/wp\/v2\/pages\/6352\/revisions"}],"predecessor-version":[{"id":6535,"href":"https:\/\/www.cosmic-booking-engine.com\/tr\/wp-json\/wp\/v2\/pages\/6352\/revisions\/6535"}],"wp:attachment":[{"href":"https:\/\/www.cosmic-booking-engine.com\/tr\/wp-json\/wp\/v2\/media?parent=6352"}],"curies":[{"name":"wp","href":"https:\/\/api.w.org\/{rel}","templated":true}]}}