
{"id":6344,"date":"2025-03-24T15:36:40","date_gmt":"2025-03-24T15:36:40","guid":{"rendered":"https:\/\/www.cosmic-booking-engine.com\/google-things-to-do-integration\/"},"modified":"2025-06-27T16:12:17","modified_gmt":"2025-06-27T16:12:17","slug":"google-things-to-do-entegrasyonu","status":"publish","type":"page","link":"https:\/\/www.cosmic-booking-engine.com\/tr\/google-things-to-do-entegrasyonu\/","title":{"rendered":"Google Things to Do Entegrasyonu"},"content":{"rendered":"\t\t<div data-elementor-type=\"wp-page\" data-elementor-id=\"6344\" class=\"elementor elementor-6344 elementor-4416\">\n\t\t\t\t<div class=\"elementor-element elementor-element-8917f38 e-flex e-con-boxed e-con e-parent\" data-id=\"8917f38\" data-element_type=\"container\">\n\t\t\t\t\t<div class=\"e-con-inner\">\n\t\t\t\t<div class=\"elementor-element elementor-element-2a1b69c elementor-widget elementor-widget-spacer\" data-id=\"2a1b69c\" data-element_type=\"widget\" data-widget_type=\"spacer.default\">\n\t\t\t\t<div class=\"elementor-widget-container\">\n\t\t\t\t\t\t\t<div class=\"elementor-spacer\">\n\t\t\t<div class=\"elementor-spacer-inner\"><\/div>\n\t\t<\/div>\n\t\t\t\t\t\t<\/div>\n\t\t\t\t<\/div>\n\t\t\t\t\t<\/div>\n\t\t\t\t<\/div>\n\t\t\t\t<section class=\"elementor-section elementor-top-section elementor-element elementor-element-7d82b3f elementor-section-boxed elementor-section-height-default elementor-section-height-default\" data-id=\"7d82b3f\" data-element_type=\"section\">\n\t\t\t\t\t\t<div class=\"elementor-container elementor-column-gap-default\">\n\t\t\t\t\t<div class=\"elementor-column elementor-col-50 elementor-top-column elementor-element elementor-element-182bf67\" data-id=\"182bf67\" data-element_type=\"column\">\n\t\t\t<div class=\"elementor-widget-wrap elementor-element-populated\">\n\t\t\t\t\t\t<div class=\"elementor-element elementor-element-9a682df image-box-style-3 elementor-widget elementor-widget-mae-image-box\" data-id=\"9a682df\" data-element_type=\"widget\" data-widget_type=\"mae-image-box.default\">\n\t\t\t\t<div class=\"elementor-widget-container\">\n\t\t\t\t\t        <div class=\"master-image-box \">\n            <div class=\"thumb\"><div class=\"url-wrap\"><a class=\"arrow\" href=\"\"><\/a><\/div><\/div>\n            <div class=\"content-wrap\">\n                <h3 class=\"headline-2\">Google Entegrasyonu ile Eri\u015fiminizi Art\u0131r\u0131n<\/h3><div class=\"desc\"><p>Google Things to Do entegrasyonu, \u00e7evrimi\u00e7i g\u00f6r\u00fcn\u00fcrl\u00fc\u011f\u00fcn\u00fcz\u00fc ciddi \u00f6l\u00e7\u00fcde art\u0131r\u0131r.<br \/>Ziyaret\u00e7iler, deneyimlerinizi do\u011frudan Google Arama, Haritalar ve di\u011fer Google hizmetlerinden bulabilir, rezervasyon yapabilir ve eri\u015febilir. Bu entegrasyon sadece g\u00f6r\u00fcn\u00fcrl\u00fc\u011f\u00fc art\u0131rmakla kalmaz; ayn\u0131 zamanda ziyaret\u00e7iler i\u00e7in rezervasyon s\u00fcrecini de basitle\u015ftirir.<\/p><\/div>            <\/div>\n        <\/div>\n\n        \t\t\t\t<\/div>\n\t\t\t\t<\/div>\n\t\t\t\t\t<\/div>\n\t\t<\/div>\n\t\t\t\t<div class=\"elementor-column elementor-col-50 elementor-top-column elementor-element elementor-element-7594eb8\" data-id=\"7594eb8\" data-element_type=\"column\">\n\t\t\t<div class=\"elementor-widget-wrap elementor-element-populated\">\n\t\t\t\t\t\t<div class=\"elementor-element elementor-element-af865f7 image-box-style-3 elementor-widget elementor-widget-mae-image-box\" data-id=\"af865f7\" data-element_type=\"widget\" data-widget_type=\"mae-image-box.default\">\n\t\t\t\t<div class=\"elementor-widget-container\">\n\t\t\t\t\t        <div class=\"master-image-box \">\n            <div class=\"thumb\"><div class=\"url-wrap\"><a class=\"arrow\" href=\"\"><\/a><\/div><\/div>\n            <div class=\"content-wrap\">\n                <h3 class=\"headline-2\">\u00c7evrimi\u00e7i G\u00f6r\u00fcn\u00fcrl\u00fc\u011f\u00fcn\u00fcz\u00fc Art\u0131r\u0131n<\/h3><div class=\"desc\"><p>Google Arama ve Google Haritalar\u2019da do\u011frudan g\u00f6r\u00fcn\u00fcn.<br \/>Ziyaret\u00e7iler, konumunuzda yap\u0131lacak aktiviteleri arad\u0131\u011f\u0131nda, sizi kolayca bulsun.<\/p><\/div>            <\/div>\n        <\/div>\n\n        \t\t\t\t<\/div>\n\t\t\t\t<\/div>\n\t\t\t\t\t<\/div>\n\t\t<\/div>\n\t\t\t\t\t<\/div>\n\t\t<\/section>\n\t\t\t\t<section class=\"elementor-section elementor-top-section elementor-element elementor-element-2497e7e elementor-section-boxed elementor-section-height-default elementor-section-height-default\" data-id=\"2497e7e\" data-element_type=\"section\">\n\t\t\t\t\t\t<div class=\"elementor-container elementor-column-gap-default\">\n\t\t\t\t\t<div class=\"elementor-column elementor-col-50 elementor-top-column elementor-element elementor-element-e2ef74a\" data-id=\"e2ef74a\" data-element_type=\"column\">\n\t\t\t<div class=\"elementor-widget-wrap elementor-element-populated\">\n\t\t\t\t\t\t<div class=\"elementor-element elementor-element-d00533c image-box-style-3 elementor-widget elementor-widget-mae-image-box\" data-id=\"d00533c\" data-element_type=\"widget\" data-widget_type=\"mae-image-box.default\">\n\t\t\t\t<div class=\"elementor-widget-container\">\n\t\t\t\t\t        <div class=\"master-image-box \">\n            <div class=\"thumb\"><div class=\"url-wrap\"><a class=\"arrow\" href=\"\"><\/a><\/div><\/div>\n            <div class=\"content-wrap\">\n                <h3 class=\"headline-2\">Sorunsuz Rezervasyon Deneyimi<\/h3><div class=\"desc\"><p>Google \u00fczerinden do\u011frudan rezervasyon yap\u0131labilir.<br \/>Ziyaret\u00e7iler ba\u015fka bir siteye y\u00f6nlendirilmeden, sadece birka\u00e7 t\u0131klamayla bilet alabilir.<\/p><\/div>            <\/div>\n        <\/div>\n\n        \t\t\t\t<\/div>\n\t\t\t\t<\/div>\n\t\t\t\t\t<\/div>\n\t\t<\/div>\n\t\t\t\t<div class=\"elementor-column elementor-col-50 elementor-top-column elementor-element elementor-element-71b75c8\" data-id=\"71b75c8\" data-element_type=\"column\">\n\t\t\t<div class=\"elementor-widget-wrap elementor-element-populated\">\n\t\t\t\t\t\t<div class=\"elementor-element elementor-element-bb85003 image-box-style-3 elementor-widget elementor-widget-mae-image-box\" data-id=\"bb85003\" data-element_type=\"widget\" data-widget_type=\"mae-image-box.default\">\n\t\t\t\t<div class=\"elementor-widget-container\">\n\t\t\t\t\t        <div class=\"master-image-box \">\n            <div class=\"thumb\"><div class=\"url-wrap\"><a class=\"arrow\" href=\"\"><\/a><\/div><\/div>\n            <div class=\"content-wrap\">\n                <h3 class=\"headline-2\">Do\u011frudan Rezervasyonlar\u0131 Art\u0131r\u0131n<\/h3><div class=\"desc\"><p>\u00dc\u00e7\u00fcnc\u00fc taraf platformlara ba\u011f\u0131ml\u0131l\u0131\u011f\u0131 azalt\u0131n.<br \/>Ziyaret\u00e7ileri do\u011frudan kendi rezervasyon sisteminize y\u00f6nlendirerek kontrol\u00fc elinizde tutun.<\/p><\/div>            <\/div>\n        <\/div>\n\n        \t\t\t\t<\/div>\n\t\t\t\t<\/div>\n\t\t\t\t\t<\/div>\n\t\t<\/div>\n\t\t\t\t\t<\/div>\n\t\t<\/section>\n\t\t\t\t<section class=\"elementor-section elementor-top-section elementor-element elementor-element-fc9b3fd elementor-section-boxed elementor-section-height-default elementor-section-height-default\" data-id=\"fc9b3fd\" data-element_type=\"section\">\n\t\t\t\t\t\t<div class=\"elementor-container elementor-column-gap-default\">\n\t\t\t\t\t<div class=\"elementor-column elementor-col-50 elementor-top-column elementor-element elementor-element-bc92dae\" data-id=\"bc92dae\" data-element_type=\"column\">\n\t\t\t<div class=\"elementor-widget-wrap elementor-element-populated\">\n\t\t\t\t\t\t<div class=\"elementor-element elementor-element-9a18abb image-box-style-3 elementor-widget elementor-widget-mae-image-box\" data-id=\"9a18abb\" data-element_type=\"widget\" data-widget_type=\"mae-image-box.default\">\n\t\t\t\t<div class=\"elementor-widget-container\">\n\t\t\t\t\t        <div class=\"master-image-box \">\n            <div class=\"thumb\"><div class=\"url-wrap\"><a class=\"arrow\" href=\"\"><\/a><\/div><\/div>\n            <div class=\"content-wrap\">\n                <h3 class=\"headline-2\">G\u00f6r\u00fcn\u00fcrl\u00fck ve Etkile\u015fimi En \u00dcst Seviyeye Ta\u015f\u0131y\u0131n<\/h3><div class=\"desc\"><p>Google\u2019\u0131n g\u00fcvenilir ekosisteminin bir par\u00e7as\u0131 olun.<br \/>Milyonlarca kullan\u0131c\u0131ya eri\u015ferek, potansiyel ziyaret\u00e7ilerin sizi ke\u015ffetmesini ve rezervasyon yapmas\u0131n\u0131 kolayla\u015ft\u0131r\u0131n.<\/p><\/div>            <\/div>\n        <\/div>\n\n        \t\t\t\t<\/div>\n\t\t\t\t<\/div>\n\t\t\t\t\t<\/div>\n\t\t<\/div>\n\t\t\t\t<div class=\"elementor-column elementor-col-50 elementor-top-column elementor-element elementor-element-2dd3b81\" data-id=\"2dd3b81\" data-element_type=\"column\">\n\t\t\t<div class=\"elementor-widget-wrap elementor-element-populated\">\n\t\t\t\t\t\t<div class=\"elementor-element elementor-element-d90ed8d image-box-style-3 elementor-widget elementor-widget-mae-image-box\" data-id=\"d90ed8d\" data-element_type=\"widget\" data-widget_type=\"mae-image-box.default\">\n\t\t\t\t<div class=\"elementor-widget-container\">\n\t\t\t\t\t        <div class=\"master-image-box \">\n            <div class=\"thumb\"><div class=\"url-wrap\"><a class=\"arrow\" href=\"\"><\/a><\/div><\/div>\n            <div class=\"content-wrap\">\n                <h3 class=\"headline-2\">Daha Geni\u015f Kitlelere Ula\u015f\u0131n ve Daha Fazla Rezervasyon Al\u0131n<\/h3><div class=\"desc\"><p>Google Things to Do entegrasyonu ile hizmetlerinizin ke\u015ffedilmesini ve rezervasyon yap\u0131lmas\u0131n\u0131 kolayla\u015ft\u0131r\u0131n. Turizmde dijital g\u00f6r\u00fcn\u00fcrl\u00fc\u011f\u00fcn\u00fcz\u00fc art\u0131r\u0131n, rekabette \u00f6ne \u00e7\u0131k\u0131n.<\/p><\/div>            <\/div>\n        <\/div>\n\n        \t\t\t\t<\/div>\n\t\t\t\t<\/div>\n\t\t\t\t\t<\/div>\n\t\t<\/div>\n\t\t\t\t\t<\/div>\n\t\t<\/section>\n\t\t<div class=\"elementor-element elementor-element-7a1a5f8 e-flex e-con-boxed e-con e-parent\" data-id=\"7a1a5f8\" data-element_type=\"container\">\n\t\t\t\t\t<div class=\"e-con-inner\">\n\t\t\t\t<div class=\"elementor-element elementor-element-e026cf3 elementor-widget elementor-widget-spacer\" data-id=\"e026cf3\" data-element_type=\"widget\" data-widget_type=\"spacer.default\">\n\t\t\t\t<div class=\"elementor-widget-container\">\n\t\t\t\t\t\t\t<div class=\"elementor-spacer\">\n\t\t\t<div class=\"elementor-spacer-inner\"><\/div>\n\t\t<\/div>\n\t\t\t\t\t\t<\/div>\n\t\t\t\t<\/div>\n\t\t\t\t\t<\/div>\n\t\t\t\t<\/div>\n\t\t\t\t<\/div>\n\t\t","protected":false},"excerpt":{"rendered":"<p>Google Entegrasyonu ile Eri\u015fiminizi Art\u0131r\u0131n Google Things to Do entegrasyonu, \u00e7evrimi\u00e7i g\u00f6r\u00fcn\u00fcrl\u00fc\u011f\u00fcn\u00fcz\u00fc ciddi \u00f6l\u00e7\u00fcde art\u0131r\u0131r.Ziyaret\u00e7iler, deneyimlerinizi do\u011frudan Google Arama, Haritalar ve di\u011fer Google hizmetlerinden bulabilir, rezervasyon yapabilir ve eri\u015febilir. Bu entegrasyon sadece g\u00f6r\u00fcn\u00fcrl\u00fc\u011f\u00fc art\u0131rmakla kalmaz; ayn\u0131 zamanda ziyaret\u00e7iler i\u00e7in rezervasyon s\u00fcrecini de basitle\u015ftirir. \u00c7evrimi\u00e7i G\u00f6r\u00fcn\u00fcrl\u00fc\u011f\u00fcn\u00fcz\u00fc Art\u0131r\u0131n Google Arama ve Google<\/p>\n","protected":false},"author":1,"featured_media":0,"parent":0,"menu_order":0,"comment_status":"closed","ping_status":"closed","template":"","meta":{"footnotes":""},"class_list":["post-6344","page","type-page","status-publish","hentry"],"yoast_head":"<!-- This site is optimized with the Yoast SEO plugin v26.2 - https:\/\/yoast.com\/wordpress\/plugins\/seo\/ -->\n<title>Google Things to Do Entegrasyonu - Cosmic Booking Engine<\/title>\n<meta name=\"robots\" content=\"index, follow, max-snippet:-1, max-image-preview:large, max-video-preview:-1\" \/>\n<link rel=\"canonical\" href=\"https:\/\/www.cosmic-booking-engine.com\/tr\/google-things-to-do-entegrasyonu\/\" \/>\n<meta property=\"og:locale\" content=\"tr_TR\" \/>\n<meta property=\"og:type\" content=\"article\" \/>\n<meta property=\"og:title\" content=\"Google Things to Do Entegrasyonu - Cosmic Booking Engine\" \/>\n<meta property=\"og:description\" content=\"Google Entegrasyonu ile Eri\u015fiminizi Art\u0131r\u0131n Google Things to Do entegrasyonu, \u00e7evrimi\u00e7i g\u00f6r\u00fcn\u00fcrl\u00fc\u011f\u00fcn\u00fcz\u00fc ciddi \u00f6l\u00e7\u00fcde art\u0131r\u0131r.Ziyaret\u00e7iler, deneyimlerinizi do\u011frudan Google Arama, Haritalar ve di\u011fer Google hizmetlerinden bulabilir, rezervasyon yapabilir ve eri\u015febilir. Bu entegrasyon sadece g\u00f6r\u00fcn\u00fcrl\u00fc\u011f\u00fc art\u0131rmakla kalmaz; ayn\u0131 zamanda ziyaret\u00e7iler i\u00e7in rezervasyon s\u00fcrecini de basitle\u015ftirir. \u00c7evrimi\u00e7i G\u00f6r\u00fcn\u00fcrl\u00fc\u011f\u00fcn\u00fcz\u00fc Art\u0131r\u0131n Google Arama ve Google\" \/>\n<meta property=\"og:url\" content=\"https:\/\/www.cosmic-booking-engine.com\/tr\/google-things-to-do-entegrasyonu\/\" \/>\n<meta property=\"og:site_name\" content=\"Cosmic Booking Engine\" \/>\n<meta property=\"article:modified_time\" content=\"2025-06-27T16:12:17+00:00\" \/>\n<meta property=\"og:image\" content=\"https:\/\/www.cosmic-booking-engine.com\/wp-content\/uploads\/2025\/09\/favicon.png\" \/>\n\t<meta property=\"og:image:width\" content=\"500\" \/>\n\t<meta property=\"og:image:height\" content=\"500\" \/>\n\t<meta property=\"og:image:type\" content=\"image\/png\" \/>\n<meta name=\"twitter:card\" content=\"summary_large_image\" \/>\n<meta name=\"twitter:label1\" content=\"Tahmini okuma s\u00fcresi\" \/>\n\t<meta name=\"twitter:data1\" content=\"1 dakika\" \/>\n<script type=\"application\/ld+json\" class=\"yoast-schema-graph\">{\"@context\":\"https:\/\/schema.org\",\"@graph\":[{\"@type\":\"WebPage\",\"@id\":\"https:\/\/www.cosmic-booking-engine.com\/tr\/google-things-to-do-entegrasyonu\/\",\"url\":\"https:\/\/www.cosmic-booking-engine.com\/tr\/google-things-to-do-entegrasyonu\/\",\"name\":\"Google Things to Do Entegrasyonu - Cosmic Booking Engine\",\"isPartOf\":{\"@id\":\"https:\/\/www.cosmic-booking-engine.com\/#website\"},\"datePublished\":\"2025-03-24T15:36:40+00:00\",\"dateModified\":\"2025-06-27T16:12:17+00:00\",\"breadcrumb\":{\"@id\":\"https:\/\/www.cosmic-booking-engine.com\/tr\/google-things-to-do-entegrasyonu\/#breadcrumb\"},\"inLanguage\":\"tr\",\"potentialAction\":[{\"@type\":\"ReadAction\",\"target\":[\"https:\/\/www.cosmic-booking-engine.com\/tr\/google-things-to-do-entegrasyonu\/\"]}]},{\"@type\":\"BreadcrumbList\",\"@id\":\"https:\/\/www.cosmic-booking-engine.com\/tr\/google-things-to-do-entegrasyonu\/#breadcrumb\",\"itemListElement\":[{\"@type\":\"ListItem\",\"position\":1,\"name\":\"Home\",\"item\":\"https:\/\/www.cosmic-booking-engine.com\/\"},{\"@type\":\"ListItem\",\"position\":2,\"name\":\"Google Things to Do Entegrasyonu\"}]},{\"@type\":\"WebSite\",\"@id\":\"https:\/\/www.cosmic-booking-engine.com\/#website\",\"url\":\"https:\/\/www.cosmic-booking-engine.com\/\",\"name\":\"Cosmic Booking Engine\",\"description\":\"\",\"publisher\":{\"@id\":\"https:\/\/www.cosmic-booking-engine.com\/#organization\"},\"potentialAction\":[{\"@type\":\"SearchAction\",\"target\":{\"@type\":\"EntryPoint\",\"urlTemplate\":\"https:\/\/www.cosmic-booking-engine.com\/?s={search_term_string}\"},\"query-input\":{\"@type\":\"PropertyValueSpecification\",\"valueRequired\":true,\"valueName\":\"search_term_string\"}}],\"inLanguage\":\"tr\"},{\"@type\":\"Organization\",\"@id\":\"https:\/\/www.cosmic-booking-engine.com\/#organization\",\"name\":\"Cosmic Booking Engine\",\"url\":\"https:\/\/www.cosmic-booking-engine.com\/\",\"logo\":{\"@type\":\"ImageObject\",\"inLanguage\":\"tr\",\"@id\":\"https:\/\/www.cosmic-booking-engine.com\/#\/schema\/logo\/image\/\",\"url\":\"https:\/\/www.cosmic-booking-engine.com\/wp-content\/uploads\/2025\/09\/favicon.png\",\"contentUrl\":\"https:\/\/www.cosmic-booking-engine.com\/wp-content\/uploads\/2025\/09\/favicon.png\",\"width\":500,\"height\":500,\"caption\":\"Cosmic Booking Engine\"},\"image\":{\"@id\":\"https:\/\/www.cosmic-booking-engine.com\/#\/schema\/logo\/image\/\"}}]}<\/script>\n<!-- \/ Yoast SEO plugin. -->","yoast_head_json":{"title":"Google Things to Do Entegrasyonu - Cosmic Booking Engine","robots":{"index":"index","follow":"follow","max-snippet":"max-snippet:-1","max-image-preview":"max-image-preview:large","max-video-preview":"max-video-preview:-1"},"canonical":"https:\/\/www.cosmic-booking-engine.com\/tr\/google-things-to-do-entegrasyonu\/","og_locale":"tr_TR","og_type":"article","og_title":"Google Things to Do Entegrasyonu - Cosmic Booking Engine","og_description":"Google Entegrasyonu ile Eri\u015fiminizi Art\u0131r\u0131n Google Things to Do entegrasyonu, \u00e7evrimi\u00e7i g\u00f6r\u00fcn\u00fcrl\u00fc\u011f\u00fcn\u00fcz\u00fc ciddi \u00f6l\u00e7\u00fcde art\u0131r\u0131r.Ziyaret\u00e7iler, deneyimlerinizi do\u011frudan Google Arama, Haritalar ve di\u011fer Google hizmetlerinden bulabilir, rezervasyon yapabilir ve eri\u015febilir. Bu entegrasyon sadece g\u00f6r\u00fcn\u00fcrl\u00fc\u011f\u00fc art\u0131rmakla kalmaz; ayn\u0131 zamanda ziyaret\u00e7iler i\u00e7in rezervasyon s\u00fcrecini de basitle\u015ftirir. \u00c7evrimi\u00e7i G\u00f6r\u00fcn\u00fcrl\u00fc\u011f\u00fcn\u00fcz\u00fc Art\u0131r\u0131n Google Arama ve Google","og_url":"https:\/\/www.cosmic-booking-engine.com\/tr\/google-things-to-do-entegrasyonu\/","og_site_name":"Cosmic Booking Engine","article_modified_time":"2025-06-27T16:12:17+00:00","og_image":[{"width":500,"height":500,"url":"https:\/\/www.cosmic-booking-engine.com\/wp-content\/uploads\/2025\/09\/favicon.png","type":"image\/png"}],"twitter_card":"summary_large_image","twitter_misc":{"Tahmini okuma s\u00fcresi":"1 dakika"},"schema":{"@context":"https:\/\/schema.org","@graph":[{"@type":"WebPage","@id":"https:\/\/www.cosmic-booking-engine.com\/tr\/google-things-to-do-entegrasyonu\/","url":"https:\/\/www.cosmic-booking-engine.com\/tr\/google-things-to-do-entegrasyonu\/","name":"Google Things to Do Entegrasyonu - Cosmic Booking Engine","isPartOf":{"@id":"https:\/\/www.cosmic-booking-engine.com\/#website"},"datePublished":"2025-03-24T15:36:40+00:00","dateModified":"2025-06-27T16:12:17+00:00","breadcrumb":{"@id":"https:\/\/www.cosmic-booking-engine.com\/tr\/google-things-to-do-entegrasyonu\/#breadcrumb"},"inLanguage":"tr","potentialAction":[{"@type":"ReadAction","target":["https:\/\/www.cosmic-booking-engine.com\/tr\/google-things-to-do-entegrasyonu\/"]}]},{"@type":"BreadcrumbList","@id":"https:\/\/www.cosmic-booking-engine.com\/tr\/google-things-to-do-entegrasyonu\/#breadcrumb","itemListElement":[{"@type":"ListItem","position":1,"name":"Home","item":"https:\/\/www.cosmic-booking-engine.com\/"},{"@type":"ListItem","position":2,"name":"Google Things to Do Entegrasyonu"}]},{"@type":"WebSite","@id":"https:\/\/www.cosmic-booking-engine.com\/#website","url":"https:\/\/www.cosmic-booking-engine.com\/","name":"Cosmic Booking Engine","description":"","publisher":{"@id":"https:\/\/www.cosmic-booking-engine.com\/#organization"},"potentialAction":[{"@type":"SearchAction","target":{"@type":"EntryPoint","urlTemplate":"https:\/\/www.cosmic-booking-engine.com\/?s={search_term_string}"},"query-input":{"@type":"PropertyValueSpecification","valueRequired":true,"valueName":"search_term_string"}}],"inLanguage":"tr"},{"@type":"Organization","@id":"https:\/\/www.cosmic-booking-engine.com\/#organization","name":"Cosmic Booking Engine","url":"https:\/\/www.cosmic-booking-engine.com\/","logo":{"@type":"ImageObject","inLanguage":"tr","@id":"https:\/\/www.cosmic-booking-engine.com\/#\/schema\/logo\/image\/","url":"https:\/\/www.cosmic-booking-engine.com\/wp-content\/uploads\/2025\/09\/favicon.png","contentUrl":"https:\/\/www.cosmic-booking-engine.com\/wp-content\/uploads\/2025\/09\/favicon.png","width":500,"height":500,"caption":"Cosmic Booking Engine"},"image":{"@id":"https:\/\/www.cosmic-booking-engine.com\/#\/schema\/logo\/image\/"}}]}},"_links":{"self":[{"href":"https:\/\/www.cosmic-booking-engine.com\/tr\/wp-json\/wp\/v2\/pages\/6344","targetHints":{"allow":["GET"]}}],"collection":[{"href":"https:\/\/www.cosmic-booking-engine.com\/tr\/wp-json\/wp\/v2\/pages"}],"about":[{"href":"https:\/\/www.cosmic-booking-engine.com\/tr\/wp-json\/wp\/v2\/types\/page"}],"author":[{"embeddable":true,"href":"https:\/\/www.cosmic-booking-engine.com\/tr\/wp-json\/wp\/v2\/users\/1"}],"replies":[{"embeddable":true,"href":"https:\/\/www.cosmic-booking-engine.com\/tr\/wp-json\/wp\/v2\/comments?post=6344"}],"version-history":[{"count":12,"href":"https:\/\/www.cosmic-booking-engine.com\/tr\/wp-json\/wp\/v2\/pages\/6344\/revisions"}],"predecessor-version":[{"id":6517,"href":"https:\/\/www.cosmic-booking-engine.com\/tr\/wp-json\/wp\/v2\/pages\/6344\/revisions\/6517"}],"wp:attachment":[{"href":"https:\/\/www.cosmic-booking-engine.com\/tr\/wp-json\/wp\/v2\/media?parent=6344"}],"curies":[{"name":"wp","href":"https:\/\/api.w.org\/{rel}","templated":true}]}}