
{"id":6264,"date":"2025-03-24T15:34:47","date_gmt":"2025-03-24T15:34:47","guid":{"rendered":"https:\/\/www.cosmic-booking-engine.com\/why-choose-cosmic\/"},"modified":"2025-06-26T14:36:54","modified_gmt":"2025-06-26T14:36:54","slug":"neden-cosmic","status":"publish","type":"page","link":"https:\/\/www.cosmic-booking-engine.com\/tr\/neden-cosmic\/","title":{"rendered":"Neden Cosmic?"},"content":{"rendered":"\t\t<div data-elementor-type=\"wp-page\" data-elementor-id=\"6264\" class=\"elementor elementor-6264 elementor-4406\">\n\t\t\t\t\t\t<section class=\"elementor-section elementor-top-section elementor-element elementor-element-9da7b38 elementor-section-full_width elementor-section-stretched elementor-section-height-default elementor-section-height-default\" data-id=\"9da7b38\" data-element_type=\"section\" data-settings=\"{&quot;stretch_section&quot;:&quot;section-stretched&quot;,&quot;background_background&quot;:&quot;classic&quot;}\">\n\t\t\t\t\t\t<div class=\"elementor-container elementor-column-gap-default\">\n\t\t\t\t\t<div class=\"elementor-column elementor-col-100 elementor-top-column elementor-element elementor-element-75261c5\" data-id=\"75261c5\" data-element_type=\"column\">\n\t\t\t<div class=\"elementor-widget-wrap elementor-element-populated\">\n\t\t\t\t\t\t<div class=\"elementor-element elementor-element-7e4eab2 pointer-event-none elementor-widget elementor-widget-mae-particles\" data-id=\"7e4eab2\" data-element_type=\"widget\" data-widget_type=\"mae-particles.default\">\n\t\t\t\t<div class=\"elementor-widget-container\">\n\t\t\t\t\t\n        <div class=\"master-particles\" data-config='{\"json\":\"{\\\"particles\\\":{\\\"number\\\":{\\\"value\\\":100,\\\"density\\\":{\\\"enable\\\":true,\\\"value_area\\\":800}},\\\"color\\\":{\\\"value\\\":\\\"#0d7def\\\"},\\\"shape\\\":{\\\"type\\\":\\\"circle\\\",\\\"stroke\\\":{\\\"width\\\":0,\\\"color\\\":\\\"#0d7def\\\"},\\\"polygon\\\":{\\\"nb_sides\\\":5},\\\"image\\\":{\\\"src\\\":\\\"img\\\/github.svg\\\",\\\"width\\\":100,\\\"height\\\":100}},\\\"opacity\\\":{\\\"value\\\":1,\\\"random\\\":false,\\\"anim\\\":{\\\"enable\\\":false,\\\"speed\\\":1,\\\"opacity_min\\\":0.1,\\\"sync\\\":false}},\\\"size\\\":{\\\"value\\\":2,\\\"random\\\":false,\\\"anim\\\":{\\\"enable\\\":false,\\\"speed\\\":10,\\\"size_min\\\":0.1,\\\"sync\\\":false}},\\\"line_linked\\\":{\\\"enable\\\":true,\\\"distance\\\":150,\\\"color\\\":\\\"#0e7ef0\\\",\\\"opacity\\\":1,\\\"width\\\":1},\\\"move\\\":{\\\"enable\\\":true,\\\"speed\\\":3,\\\"direction\\\":\\\"none\\\",\\\"random\\\":false,\\\"straight\\\":false,\\\"out_mode\\\":\\\"out\\\",\\\"bounce\\\":false,\\\"attract\\\":{\\\"enable\\\":false,\\\"rotateX\\\":600,\\\"rotateY\\\":1200}}},\\\"interactivity\\\":{\\\"detect_on\\\":\\\"canvas\\\",\\\"events\\\":{\\\"onhover\\\":{\\\"enable\\\":false,\\\"mode\\\":\\\"repulse\\\"},\\\"onclick\\\":{\\\"enable\\\":false,\\\"mode\\\":\\\"push\\\"},\\\"resize\\\":true},\\\"modes\\\":{\\\"grab\\\":{\\\"distance\\\":400,\\\"line_linked\\\":{\\\"opacity\\\":1}},\\\"bubble\\\":{\\\"distance\\\":400,\\\"size\\\":40,\\\"duration\\\":2,\\\"opacity\\\":8,\\\"speed\\\":3},\\\"repulse\\\":{\\\"distance\\\":200,\\\"duration\\\":0.4},\\\"push\\\":{\\\"particles_nb\\\":4},\\\"remove\\\":{\\\"particles_nb\\\":2}}},\\\"retina_detect\\\":true}\"}'>\n            <div id=\"particles-js\" class=\"canvas-particles\"><\/div>\n        <\/div>\n    \t\t\t\t<\/div>\n\t\t\t\t<\/div>\n\t\t\t\t<div class=\"elementor-element elementor-element-e42a85d elementor-widget elementor-widget-spacer\" data-id=\"e42a85d\" data-element_type=\"widget\" data-widget_type=\"spacer.default\">\n\t\t\t\t<div class=\"elementor-widget-container\">\n\t\t\t\t\t\t\t<div class=\"elementor-spacer\">\n\t\t\t<div class=\"elementor-spacer-inner\"><\/div>\n\t\t<\/div>\n\t\t\t\t\t\t<\/div>\n\t\t\t\t<\/div>\n\t\t\t\t<section class=\"elementor-section elementor-inner-section elementor-element elementor-element-eb0a8ae elementor-section-content-middle elementor-section-boxed elementor-section-height-default elementor-section-height-default\" data-id=\"eb0a8ae\" data-element_type=\"section\">\n\t\t\t\t\t\t<div class=\"elementor-container elementor-column-gap-default\">\n\t\t\t\t\t<div class=\"elementor-column elementor-col-50 elementor-inner-column elementor-element elementor-element-350d227\" data-id=\"350d227\" data-element_type=\"column\">\n\t\t\t<div class=\"elementor-widget-wrap elementor-element-populated\">\n\t\t\t\t\t\t<div class=\"elementor-element elementor-element-cdad062 heading-style-1 elementor-widget elementor-widget-mae-headings\" data-id=\"cdad062\" data-element_type=\"widget\" data-widget_type=\"mae-headings.default\">\n\t\t\t\t<div class=\"elementor-widget-container\">\n\t\t\t\t\t\t\t<div class=\"master-heading sep-none\">\n\t\t\t\t        \t        \t<div class=\"pre-heading\"><span class=\"line\"><span class=\"inner\"><\/span><\/span>Cosmic Booking Engine<\/div>\n\t        \n\t        \n\t        \t        <h2 class=\"main-heading\">Neden Cosmic? <\/h2>\n\t        \n\t        \n\t        \t    <\/div>\n\t    \t\t\t\t<\/div>\n\t\t\t\t<\/div>\n\t\t\t\t\t<\/div>\n\t\t<\/div>\n\t\t\t\t<div class=\"elementor-column elementor-col-50 elementor-inner-column elementor-element elementor-element-22fe96e\" data-id=\"22fe96e\" data-element_type=\"column\">\n\t\t\t<div class=\"elementor-widget-wrap\">\n\t\t\t\t\t\t\t<\/div>\n\t\t<\/div>\n\t\t\t\t\t<\/div>\n\t\t<\/section>\n\t\t\t\t<div class=\"elementor-element elementor-element-ea24dc6 elementor-widget elementor-widget-spacer\" data-id=\"ea24dc6\" data-element_type=\"widget\" data-widget_type=\"spacer.default\">\n\t\t\t\t<div class=\"elementor-widget-container\">\n\t\t\t\t\t\t\t<div class=\"elementor-spacer\">\n\t\t\t<div class=\"elementor-spacer-inner\"><\/div>\n\t\t<\/div>\n\t\t\t\t\t\t<\/div>\n\t\t\t\t<\/div>\n\t\t\t\t\t<\/div>\n\t\t<\/div>\n\t\t\t\t\t<\/div>\n\t\t<\/section>\n\t\t\t\t<section class=\"elementor-section elementor-top-section elementor-element elementor-element-a40c9a0 elementor-section-boxed elementor-section-height-default elementor-section-height-default\" data-id=\"a40c9a0\" data-element_type=\"section\">\n\t\t\t\t\t\t<div class=\"elementor-container elementor-column-gap-default\">\n\t\t\t\t\t<div class=\"elementor-column elementor-col-33 elementor-top-column elementor-element elementor-element-3a1f05e\" data-id=\"3a1f05e\" data-element_type=\"column\">\n\t\t\t<div class=\"elementor-widget-wrap elementor-element-populated\">\n\t\t\t\t\t\t<div class=\"elementor-element elementor-element-29a9ea7 align-center icon-position-top icon-has-bg hover-effect-none elementor-widget elementor-widget-mae-icon-box\" data-id=\"29a9ea7\" data-element_type=\"widget\" data-widget_type=\"mae-icon-box.default\">\n\t\t\t\t<div class=\"elementor-widget-container\">\n\t\t\t\t\t\n        <div class=\"master-icon-box\" >\n                        \n            <div class=\"inner\">\n                <div class=\"icon-wrap\"><div class=\"master-icon\"><i aria-hidden=\"true\" class=\"dig dig-teaching\"><\/i><\/div><\/div>\n                <div class=\"text-wrap\">\n                    <h2 class=\"headline-2\">Ba\u015far\u0131n\u0131z \u0130\u00e7in Adanm\u0131\u015f Bir Ekip<\/h2><div class=\"desc\">Uzman ekibimiz, sisteminizin sorunsuz \u00e7al\u0131\u015fmas\u0131n\u0131 sa\u011flamak, proaktif destek sunmak ve ziyaret\u00e7ilerinize kusursuz bir deneyim ya\u015fatmak i\u00e7in sizinle birlikte \u00e7al\u0131\u015f\u0131r.<\/div>                <\/div>\n            <\/div>\n\n            <div class=\"bg-static\"><\/div>        <\/div>\n\n        \t\t\t\t<\/div>\n\t\t\t\t<\/div>\n\t\t\t\t\t<\/div>\n\t\t<\/div>\n\t\t\t\t<div class=\"elementor-column elementor-col-33 elementor-top-column elementor-element elementor-element-6392443\" data-id=\"6392443\" data-element_type=\"column\">\n\t\t\t<div class=\"elementor-widget-wrap elementor-element-populated\">\n\t\t\t\t\t\t<div class=\"elementor-element elementor-element-5b0becf align-center icon-position-top icon-has-bg hover-effect-none elementor-widget elementor-widget-mae-icon-box\" data-id=\"5b0becf\" data-element_type=\"widget\" data-widget_type=\"mae-icon-box.default\">\n\t\t\t\t<div class=\"elementor-widget-container\">\n\t\t\t\t\t\n        <div class=\"master-icon-box\" >\n                        \n            <div class=\"inner\">\n                <div class=\"icon-wrap\"><div class=\"master-icon\"><i aria-hidden=\"true\" class=\"dig dig-growth\"><\/i><\/div><\/div>\n                <div class=\"text-wrap\">\n                    <h2 class=\"headline-2\">Sat\u0131\u015flar\u0131 Art\u0131r\u0131n, Maliyetleri Optimize Edin<\/h2><div class=\"desc\">Do\u011frudan bilet sat\u0131\u015flar\u0131n\u0131 art\u0131r\u0131n ve operasyonel verimsizlikleri azaltarak yeni gelir kaynaklar\u0131n\u0131n kilidini a\u00e7\u0131n.streams.<\/div>                <\/div>\n            <\/div>\n\n            <div class=\"bg-static\"><\/div>        <\/div>\n\n        \t\t\t\t<\/div>\n\t\t\t\t<\/div>\n\t\t\t\t\t<\/div>\n\t\t<\/div>\n\t\t\t\t<div class=\"elementor-column elementor-col-33 elementor-top-column elementor-element elementor-element-55df2ad\" data-id=\"55df2ad\" data-element_type=\"column\">\n\t\t\t<div class=\"elementor-widget-wrap elementor-element-populated\">\n\t\t\t\t\t\t<div class=\"elementor-element elementor-element-39ef286 align-center icon-position-top icon-has-bg hover-effect-none elementor-widget elementor-widget-mae-icon-box\" data-id=\"39ef286\" data-element_type=\"widget\" data-widget_type=\"mae-icon-box.default\">\n\t\t\t\t<div class=\"elementor-widget-container\">\n\t\t\t\t\t\n        <div class=\"master-icon-box\" >\n                        \n            <div class=\"inner\">\n                <div class=\"icon-wrap\"><div class=\"master-icon\"><i aria-hidden=\"true\" class=\"dig dig-analysis\"><\/i><\/div><\/div>\n                <div class=\"text-wrap\">\n                    <h2 class=\"headline-2\">Analitik ve \u0130\u015f Zek\u00e2s\u0131<\/h2><div class=\"desc\">Ziyaret\u00e7i e\u011filimlerini ve sat\u0131n alma davran\u0131\u015flar\u0131n\u0131 ger\u00e7ek zamanl\u0131 olarak analiz ederek stratejilerinizi geli\u015ftirin ve k\u00e2rl\u0131l\u0131\u011f\u0131n\u0131z\u0131 art\u0131r\u0131n.<\/div>                <\/div>\n            <\/div>\n\n            <div class=\"bg-static\"><\/div>        <\/div>\n\n        \t\t\t\t<\/div>\n\t\t\t\t<\/div>\n\t\t\t\t\t<\/div>\n\t\t<\/div>\n\t\t\t\t\t<\/div>\n\t\t<\/section>\n\t\t<div class=\"elementor-element elementor-element-6cb78c1 e-flex e-con-boxed e-con e-parent\" data-id=\"6cb78c1\" data-element_type=\"container\">\n\t\t\t\t\t<div class=\"e-con-inner\">\n\t\t\t\t<div class=\"elementor-element elementor-element-2e09987 elementor-widget elementor-widget-spacer\" data-id=\"2e09987\" data-element_type=\"widget\" data-widget_type=\"spacer.default\">\n\t\t\t\t<div class=\"elementor-widget-container\">\n\t\t\t\t\t\t\t<div class=\"elementor-spacer\">\n\t\t\t<div class=\"elementor-spacer-inner\"><\/div>\n\t\t<\/div>\n\t\t\t\t\t\t<\/div>\n\t\t\t\t<\/div>\n\t\t\t\t\t<\/div>\n\t\t\t\t<\/div>\n\t\t\t\t<section class=\"elementor-section elementor-top-section elementor-element elementor-element-c496f2e elementor-section-boxed elementor-section-height-default elementor-section-height-default\" data-id=\"c496f2e\" data-element_type=\"section\">\n\t\t\t\t\t\t<div class=\"elementor-container elementor-column-gap-default\">\n\t\t\t\t\t<div class=\"elementor-column elementor-col-33 elementor-top-column elementor-element elementor-element-6280503\" data-id=\"6280503\" data-element_type=\"column\">\n\t\t\t<div class=\"elementor-widget-wrap elementor-element-populated\">\n\t\t\t\t\t\t<div class=\"elementor-element elementor-element-46063e1 align-center icon-position-top icon-has-bg hover-effect-none elementor-widget elementor-widget-mae-icon-box\" data-id=\"46063e1\" data-element_type=\"widget\" data-widget_type=\"mae-icon-box.default\">\n\t\t\t\t<div class=\"elementor-widget-container\">\n\t\t\t\t\t\n        <div class=\"master-icon-box\" >\n                        \n            <div class=\"inner\">\n                <div class=\"icon-wrap\"><div class=\"master-icon\"><i aria-hidden=\"true\" class=\"dig dig-webpage\"><\/i><\/div><\/div>\n                <div class=\"text-wrap\">\n                    <h2 class=\"headline-2\">T\u00fcm K\u00fcresel Turizm Sekt\u00f6r\u00fc \u0130\u00e7in Tasarlanm\u0131\u015f Bir Platform<\/h2><div class=\"desc\">Cosmic olarak, m\u00fczelerden etkinlik sa\u011flay\u0131c\u0131lar\u0131na, tur operat\u00f6rlerinden hayvanat bah\u00e7elerine ve tema parklar\u0131na kadar t\u00fcm turizm payda\u015flar\u0131na kapsaml\u0131 bir platform sunuyoruz. Platformumuz, sat\u0131\u015flar\u0131 art\u0131rmak, operasyonlar\u0131 optimize etmek ve m\u00fc\u015fteri memnuniyetini y\u00fckseltmek \u00fczere tasarlanm\u0131\u015ft\u0131r. Her t\u00fcrl\u00fc turizm i\u015fletmesi i\u00e7in ideal \u00e7\u00f6z\u00fcmd\u00fcr.<\/div>                <\/div>\n            <\/div>\n\n            <div class=\"bg-static\"><\/div>        <\/div>\n\n        \t\t\t\t<\/div>\n\t\t\t\t<\/div>\n\t\t\t\t\t<\/div>\n\t\t<\/div>\n\t\t\t\t<div class=\"elementor-column elementor-col-33 elementor-top-column elementor-element elementor-element-f1255ce\" data-id=\"f1255ce\" data-element_type=\"column\">\n\t\t\t<div class=\"elementor-widget-wrap elementor-element-populated\">\n\t\t\t\t\t\t<div class=\"elementor-element elementor-element-e2914a8 align-center icon-position-top icon-has-bg hover-effect-none elementor-widget elementor-widget-mae-icon-box\" data-id=\"e2914a8\" data-element_type=\"widget\" data-widget_type=\"mae-icon-box.default\">\n\t\t\t\t<div class=\"elementor-widget-container\">\n\t\t\t\t\t\n        <div class=\"master-icon-box\" >\n                        \n            <div class=\"inner\">\n                <div class=\"icon-wrap\"><div class=\"master-icon\"><i aria-hidden=\"true\" class=\"dig dig-artificial-intelligence\"><\/i><\/div><\/div>\n                <div class=\"text-wrap\">\n                    <h2 class=\"headline-2\">Onlarca Y\u0131ll\u0131k Tecr\u00fcbeden Faydalan\u0131n<\/h2><div class=\"desc\">1970\u2019lerden bu yana kurucular\u0131m\u0131z; tur rehberleri, seyahat acenteleri ve \u00e7evrimi\u00e7i rezervasyon platformlar\u0131yla yak\u0131n \u00e7al\u0131\u015farak ziyaret\u00e7i davran\u0131\u015flar\u0131 hakk\u0131nda paha bi\u00e7ilemez son derece k\u0131ymetli bilgiler edindi. Bu derin sekt\u00f6r bilgisini en yeni teknolojiyle birle\u015ftirerek g\u00fcn\u00fcm\u00fcz gezginlerinin beklentilerini a\u015fan-\u201cuyumlu\u201d daha iyi olur sanki \u00e7\u00f6z\u00fcmler sunuyoruz.<\/div>                <\/div>\n            <\/div>\n\n            <div class=\"bg-static\"><\/div>        <\/div>\n\n        \t\t\t\t<\/div>\n\t\t\t\t<\/div>\n\t\t\t\t\t<\/div>\n\t\t<\/div>\n\t\t\t\t<div class=\"elementor-column elementor-col-33 elementor-top-column elementor-element elementor-element-9718e29\" data-id=\"9718e29\" data-element_type=\"column\">\n\t\t\t<div class=\"elementor-widget-wrap elementor-element-populated\">\n\t\t\t\t\t\t<div class=\"elementor-element elementor-element-4d82a3e align-center icon-position-top icon-has-bg hover-effect-none elementor-widget elementor-widget-mae-icon-box\" data-id=\"4d82a3e\" data-element_type=\"widget\" data-widget_type=\"mae-icon-box.default\">\n\t\t\t\t<div class=\"elementor-widget-container\">\n\t\t\t\t\t\n        <div class=\"master-icon-box\" >\n                        \n            <div class=\"inner\">\n                <div class=\"icon-wrap\"><div class=\"master-icon\"><i aria-hidden=\"true\" class=\"dig dig-customer\"><\/i><\/div><\/div>\n                <div class=\"text-wrap\">\n                    <h2 class=\"headline-2\">\u00d6d\u00fcns\u00fcz M\u00fckemmellik<\/h2><div class=\"desc\">Yenilik\u00e7i ara\u00e7lar, ziyaret\u00e7i odakl\u0131 \u00e7\u00f6z\u00fcmler ve benzersiz uzmanl\u0131k ile turizm y\u00f6netiminde standard\u0131 biz belirliyoruz. Her a\u015famada ba\u015far\u0131y\u0131 destekleyen, gelece\u011fe d\u00f6n\u00fck \u00e7\u00f6z\u00fcmler sunuyoruz.<\/div>                <\/div>\n            <\/div>\n\n            <div class=\"bg-static\"><\/div>        <\/div>\n\n        \t\t\t\t<\/div>\n\t\t\t\t<\/div>\n\t\t\t\t\t<\/div>\n\t\t<\/div>\n\t\t\t\t\t<\/div>\n\t\t<\/section>\n\t\t<div class=\"elementor-element elementor-element-541e622 e-flex e-con-boxed e-con e-parent\" data-id=\"541e622\" data-element_type=\"container\">\n\t\t\t\t\t<div class=\"e-con-inner\">\n\t\t\t\t<div class=\"elementor-element elementor-element-9acd60f elementor-widget elementor-widget-spacer\" data-id=\"9acd60f\" data-element_type=\"widget\" data-widget_type=\"spacer.default\">\n\t\t\t\t<div class=\"elementor-widget-container\">\n\t\t\t\t\t\t\t<div class=\"elementor-spacer\">\n\t\t\t<div class=\"elementor-spacer-inner\"><\/div>\n\t\t<\/div>\n\t\t\t\t\t\t<\/div>\n\t\t\t\t<\/div>\n\t\t\t\t\t<\/div>\n\t\t\t\t<\/div>\n\t\t\t\t<\/div>\n\t\t","protected":false},"excerpt":{"rendered":"<p>Cosmic Booking Engine Neden Cosmic? Ba\u015far\u0131n\u0131z \u0130\u00e7in Adanm\u0131\u015f Bir Ekip Uzman ekibimiz, sisteminizin sorunsuz \u00e7al\u0131\u015fmas\u0131n\u0131 sa\u011flamak, proaktif destek sunmak ve ziyaret\u00e7ilerinize kusursuz bir deneyim ya\u015fatmak i\u00e7in sizinle birlikte \u00e7al\u0131\u015f\u0131r. Sat\u0131\u015flar\u0131 Art\u0131r\u0131n, Maliyetleri Optimize Edin Do\u011frudan bilet sat\u0131\u015flar\u0131n\u0131 art\u0131r\u0131n ve operasyonel verimsizlikleri azaltarak yeni gelir kaynaklar\u0131n\u0131n kilidini a\u00e7\u0131n.streams. Analitik ve \u0130\u015f<\/p>\n","protected":false},"author":1,"featured_media":0,"parent":0,"menu_order":0,"comment_status":"closed","ping_status":"closed","template":"","meta":{"footnotes":""},"class_list":["post-6264","page","type-page","status-publish","hentry"],"yoast_head":"<!-- This site is optimized with the Yoast SEO plugin v26.2 - https:\/\/yoast.com\/wordpress\/plugins\/seo\/ -->\n<title>Neden Cosmic? - Cosmic Booking Engine<\/title>\n<meta name=\"robots\" content=\"index, follow, max-snippet:-1, max-image-preview:large, max-video-preview:-1\" \/>\n<link rel=\"canonical\" href=\"https:\/\/www.cosmic-booking-engine.com\/tr\/neden-cosmic\/\" \/>\n<meta property=\"og:locale\" content=\"tr_TR\" \/>\n<meta property=\"og:type\" content=\"article\" \/>\n<meta property=\"og:title\" content=\"Neden Cosmic? - Cosmic Booking Engine\" \/>\n<meta property=\"og:description\" content=\"Cosmic Booking Engine Neden Cosmic? Ba\u015far\u0131n\u0131z \u0130\u00e7in Adanm\u0131\u015f Bir Ekip Uzman ekibimiz, sisteminizin sorunsuz \u00e7al\u0131\u015fmas\u0131n\u0131 sa\u011flamak, proaktif destek sunmak ve ziyaret\u00e7ilerinize kusursuz bir deneyim ya\u015fatmak i\u00e7in sizinle birlikte \u00e7al\u0131\u015f\u0131r. Sat\u0131\u015flar\u0131 Art\u0131r\u0131n, Maliyetleri Optimize Edin Do\u011frudan bilet sat\u0131\u015flar\u0131n\u0131 art\u0131r\u0131n ve operasyonel verimsizlikleri azaltarak yeni gelir kaynaklar\u0131n\u0131n kilidini a\u00e7\u0131n.streams. Analitik ve \u0130\u015f\" \/>\n<meta property=\"og:url\" content=\"https:\/\/www.cosmic-booking-engine.com\/tr\/neden-cosmic\/\" \/>\n<meta property=\"og:site_name\" content=\"Cosmic Booking Engine\" \/>\n<meta property=\"article:modified_time\" content=\"2025-06-26T14:36:54+00:00\" \/>\n<meta property=\"og:image\" content=\"https:\/\/www.cosmic-booking-engine.com\/wp-content\/uploads\/2025\/09\/favicon.png\" \/>\n\t<meta property=\"og:image:width\" content=\"500\" \/>\n\t<meta property=\"og:image:height\" content=\"500\" \/>\n\t<meta property=\"og:image:type\" content=\"image\/png\" \/>\n<meta name=\"twitter:card\" content=\"summary_large_image\" \/>\n<meta name=\"twitter:label1\" content=\"Tahmini okuma s\u00fcresi\" \/>\n\t<meta name=\"twitter:data1\" content=\"1 dakika\" \/>\n<script type=\"application\/ld+json\" class=\"yoast-schema-graph\">{\"@context\":\"https:\/\/schema.org\",\"@graph\":[{\"@type\":\"WebPage\",\"@id\":\"https:\/\/www.cosmic-booking-engine.com\/tr\/neden-cosmic\/\",\"url\":\"https:\/\/www.cosmic-booking-engine.com\/tr\/neden-cosmic\/\",\"name\":\"Neden Cosmic? - Cosmic Booking Engine\",\"isPartOf\":{\"@id\":\"https:\/\/www.cosmic-booking-engine.com\/#website\"},\"datePublished\":\"2025-03-24T15:34:47+00:00\",\"dateModified\":\"2025-06-26T14:36:54+00:00\",\"breadcrumb\":{\"@id\":\"https:\/\/www.cosmic-booking-engine.com\/tr\/neden-cosmic\/#breadcrumb\"},\"inLanguage\":\"tr\",\"potentialAction\":[{\"@type\":\"ReadAction\",\"target\":[\"https:\/\/www.cosmic-booking-engine.com\/tr\/neden-cosmic\/\"]}]},{\"@type\":\"BreadcrumbList\",\"@id\":\"https:\/\/www.cosmic-booking-engine.com\/tr\/neden-cosmic\/#breadcrumb\",\"itemListElement\":[{\"@type\":\"ListItem\",\"position\":1,\"name\":\"Home\",\"item\":\"https:\/\/www.cosmic-booking-engine.com\/\"},{\"@type\":\"ListItem\",\"position\":2,\"name\":\"Neden Cosmic?\"}]},{\"@type\":\"WebSite\",\"@id\":\"https:\/\/www.cosmic-booking-engine.com\/#website\",\"url\":\"https:\/\/www.cosmic-booking-engine.com\/\",\"name\":\"Cosmic Booking Engine\",\"description\":\"\",\"publisher\":{\"@id\":\"https:\/\/www.cosmic-booking-engine.com\/#organization\"},\"potentialAction\":[{\"@type\":\"SearchAction\",\"target\":{\"@type\":\"EntryPoint\",\"urlTemplate\":\"https:\/\/www.cosmic-booking-engine.com\/?s={search_term_string}\"},\"query-input\":{\"@type\":\"PropertyValueSpecification\",\"valueRequired\":true,\"valueName\":\"search_term_string\"}}],\"inLanguage\":\"tr\"},{\"@type\":\"Organization\",\"@id\":\"https:\/\/www.cosmic-booking-engine.com\/#organization\",\"name\":\"Cosmic Booking Engine\",\"url\":\"https:\/\/www.cosmic-booking-engine.com\/\",\"logo\":{\"@type\":\"ImageObject\",\"inLanguage\":\"tr\",\"@id\":\"https:\/\/www.cosmic-booking-engine.com\/#\/schema\/logo\/image\/\",\"url\":\"https:\/\/www.cosmic-booking-engine.com\/wp-content\/uploads\/2025\/09\/favicon.png\",\"contentUrl\":\"https:\/\/www.cosmic-booking-engine.com\/wp-content\/uploads\/2025\/09\/favicon.png\",\"width\":500,\"height\":500,\"caption\":\"Cosmic Booking Engine\"},\"image\":{\"@id\":\"https:\/\/www.cosmic-booking-engine.com\/#\/schema\/logo\/image\/\"}}]}<\/script>\n<!-- \/ Yoast SEO plugin. -->","yoast_head_json":{"title":"Neden Cosmic? - Cosmic Booking Engine","robots":{"index":"index","follow":"follow","max-snippet":"max-snippet:-1","max-image-preview":"max-image-preview:large","max-video-preview":"max-video-preview:-1"},"canonical":"https:\/\/www.cosmic-booking-engine.com\/tr\/neden-cosmic\/","og_locale":"tr_TR","og_type":"article","og_title":"Neden Cosmic? - Cosmic Booking Engine","og_description":"Cosmic Booking Engine Neden Cosmic? Ba\u015far\u0131n\u0131z \u0130\u00e7in Adanm\u0131\u015f Bir Ekip Uzman ekibimiz, sisteminizin sorunsuz \u00e7al\u0131\u015fmas\u0131n\u0131 sa\u011flamak, proaktif destek sunmak ve ziyaret\u00e7ilerinize kusursuz bir deneyim ya\u015fatmak i\u00e7in sizinle birlikte \u00e7al\u0131\u015f\u0131r. Sat\u0131\u015flar\u0131 Art\u0131r\u0131n, Maliyetleri Optimize Edin Do\u011frudan bilet sat\u0131\u015flar\u0131n\u0131 art\u0131r\u0131n ve operasyonel verimsizlikleri azaltarak yeni gelir kaynaklar\u0131n\u0131n kilidini a\u00e7\u0131n.streams. Analitik ve \u0130\u015f","og_url":"https:\/\/www.cosmic-booking-engine.com\/tr\/neden-cosmic\/","og_site_name":"Cosmic Booking Engine","article_modified_time":"2025-06-26T14:36:54+00:00","og_image":[{"width":500,"height":500,"url":"https:\/\/www.cosmic-booking-engine.com\/wp-content\/uploads\/2025\/09\/favicon.png","type":"image\/png"}],"twitter_card":"summary_large_image","twitter_misc":{"Tahmini okuma s\u00fcresi":"1 dakika"},"schema":{"@context":"https:\/\/schema.org","@graph":[{"@type":"WebPage","@id":"https:\/\/www.cosmic-booking-engine.com\/tr\/neden-cosmic\/","url":"https:\/\/www.cosmic-booking-engine.com\/tr\/neden-cosmic\/","name":"Neden Cosmic? - Cosmic Booking Engine","isPartOf":{"@id":"https:\/\/www.cosmic-booking-engine.com\/#website"},"datePublished":"2025-03-24T15:34:47+00:00","dateModified":"2025-06-26T14:36:54+00:00","breadcrumb":{"@id":"https:\/\/www.cosmic-booking-engine.com\/tr\/neden-cosmic\/#breadcrumb"},"inLanguage":"tr","potentialAction":[{"@type":"ReadAction","target":["https:\/\/www.cosmic-booking-engine.com\/tr\/neden-cosmic\/"]}]},{"@type":"BreadcrumbList","@id":"https:\/\/www.cosmic-booking-engine.com\/tr\/neden-cosmic\/#breadcrumb","itemListElement":[{"@type":"ListItem","position":1,"name":"Home","item":"https:\/\/www.cosmic-booking-engine.com\/"},{"@type":"ListItem","position":2,"name":"Neden Cosmic?"}]},{"@type":"WebSite","@id":"https:\/\/www.cosmic-booking-engine.com\/#website","url":"https:\/\/www.cosmic-booking-engine.com\/","name":"Cosmic Booking Engine","description":"","publisher":{"@id":"https:\/\/www.cosmic-booking-engine.com\/#organization"},"potentialAction":[{"@type":"SearchAction","target":{"@type":"EntryPoint","urlTemplate":"https:\/\/www.cosmic-booking-engine.com\/?s={search_term_string}"},"query-input":{"@type":"PropertyValueSpecification","valueRequired":true,"valueName":"search_term_string"}}],"inLanguage":"tr"},{"@type":"Organization","@id":"https:\/\/www.cosmic-booking-engine.com\/#organization","name":"Cosmic Booking Engine","url":"https:\/\/www.cosmic-booking-engine.com\/","logo":{"@type":"ImageObject","inLanguage":"tr","@id":"https:\/\/www.cosmic-booking-engine.com\/#\/schema\/logo\/image\/","url":"https:\/\/www.cosmic-booking-engine.com\/wp-content\/uploads\/2025\/09\/favicon.png","contentUrl":"https:\/\/www.cosmic-booking-engine.com\/wp-content\/uploads\/2025\/09\/favicon.png","width":500,"height":500,"caption":"Cosmic Booking Engine"},"image":{"@id":"https:\/\/www.cosmic-booking-engine.com\/#\/schema\/logo\/image\/"}}]}},"_links":{"self":[{"href":"https:\/\/www.cosmic-booking-engine.com\/tr\/wp-json\/wp\/v2\/pages\/6264","targetHints":{"allow":["GET"]}}],"collection":[{"href":"https:\/\/www.cosmic-booking-engine.com\/tr\/wp-json\/wp\/v2\/pages"}],"about":[{"href":"https:\/\/www.cosmic-booking-engine.com\/tr\/wp-json\/wp\/v2\/types\/page"}],"author":[{"embeddable":true,"href":"https:\/\/www.cosmic-booking-engine.com\/tr\/wp-json\/wp\/v2\/users\/1"}],"replies":[{"embeddable":true,"href":"https:\/\/www.cosmic-booking-engine.com\/tr\/wp-json\/wp\/v2\/comments?post=6264"}],"version-history":[{"count":6,"href":"https:\/\/www.cosmic-booking-engine.com\/tr\/wp-json\/wp\/v2\/pages\/6264\/revisions"}],"predecessor-version":[{"id":6270,"href":"https:\/\/www.cosmic-booking-engine.com\/tr\/wp-json\/wp\/v2\/pages\/6264\/revisions\/6270"}],"wp:attachment":[{"href":"https:\/\/www.cosmic-booking-engine.com\/tr\/wp-json\/wp\/v2\/media?parent=6264"}],"curies":[{"name":"wp","href":"https:\/\/api.w.org\/{rel}","templated":true}]}}