
{"id":5892,"date":"2025-03-24T15:36:56","date_gmt":"2025-03-24T15:36:56","guid":{"rendered":"https:\/\/www.cosmic-booking-engine.com\/reservation-management-on-leading-ota-platforms\/"},"modified":"2025-06-04T12:37:14","modified_gmt":"2025-06-04T12:37:14","slug":"reservierungsmanagement-auf-fuehrenden-ota-plattformen","status":"publish","type":"page","link":"https:\/\/www.cosmic-booking-engine.com\/de\/reservierungsmanagement-auf-fuehrenden-ota-plattformen\/","title":{"rendered":"Reservierungsmanagement auf f\u00fchrenden OTA-Plattformen"},"content":{"rendered":"\t\t<div data-elementor-type=\"wp-page\" data-elementor-id=\"5892\" class=\"elementor elementor-5892 elementor-4418\">\n\t\t\t\t<div class=\"elementor-element elementor-element-db35bd2 e-flex e-con-boxed e-con e-parent\" data-id=\"db35bd2\" data-element_type=\"container\">\n\t\t\t\t\t<div class=\"e-con-inner\">\n\t\t\t\t<div class=\"elementor-element elementor-element-1ee16b4 elementor-widget elementor-widget-spacer\" data-id=\"1ee16b4\" data-element_type=\"widget\" data-widget_type=\"spacer.default\">\n\t\t\t\t<div class=\"elementor-widget-container\">\n\t\t\t\t\t\t\t<div class=\"elementor-spacer\">\n\t\t\t<div class=\"elementor-spacer-inner\"><\/div>\n\t\t<\/div>\n\t\t\t\t\t\t<\/div>\n\t\t\t\t<\/div>\n\t\t\t\t\t<\/div>\n\t\t\t\t<\/div>\n\t\t\t\t<section class=\"elementor-section elementor-top-section elementor-element elementor-element-4d1b972 elementor-section-boxed elementor-section-height-default elementor-section-height-default\" data-id=\"4d1b972\" data-element_type=\"section\">\n\t\t\t\t\t\t<div class=\"elementor-container elementor-column-gap-default\">\n\t\t\t\t\t<div class=\"elementor-column elementor-col-50 elementor-top-column elementor-element elementor-element-fae1a0e\" data-id=\"fae1a0e\" data-element_type=\"column\">\n\t\t\t<div class=\"elementor-widget-wrap elementor-element-populated\">\n\t\t\t\t\t\t<div class=\"elementor-element elementor-element-f3ec388 image-box-style-3 elementor-widget elementor-widget-mae-image-box\" data-id=\"f3ec388\" data-element_type=\"widget\" data-widget_type=\"mae-image-box.default\">\n\t\t\t\t<div class=\"elementor-widget-container\">\n\t\t\t\t\t        <div class=\"master-image-box \">\n            <div class=\"thumb\"><div class=\"url-wrap\"><a class=\"arrow\" href=\"\"><\/a><\/div><\/div>\n            <div class=\"content-wrap\">\n                <h3 class=\"headline-2\">Zentralisieren Sie Ihr Buchungssystem \u00fcber f\u00fchrende OTAs hinweg <\/h3><div class=\"desc\"><p>Die Verwaltung von Buchungen f\u00fchrender Online-Reiseagenturen (OTAs) wie GetYourGuide, Viator, Booking.com und anderen kann zeitaufwendig sein. Mit der Cosmic Booking Engine k\u00f6nnen Sie jedoch alle Buchungen aus den OTAs in einem einzigen, optimierten System zentralisieren und so die Effizienz deutlich steigern.<\/p><\/div>            <\/div>\n        <\/div>\n\n        \t\t\t\t<\/div>\n\t\t\t\t<\/div>\n\t\t\t\t\t<\/div>\n\t\t<\/div>\n\t\t\t\t<div class=\"elementor-column elementor-col-50 elementor-top-column elementor-element elementor-element-bd8e516\" data-id=\"bd8e516\" data-element_type=\"column\">\n\t\t\t<div class=\"elementor-widget-wrap elementor-element-populated\">\n\t\t\t\t\t\t<div class=\"elementor-element elementor-element-0b3cbe5 image-box-style-3 elementor-widget elementor-widget-mae-image-box\" data-id=\"0b3cbe5\" data-element_type=\"widget\" data-widget_type=\"mae-image-box.default\">\n\t\t\t\t<div class=\"elementor-widget-container\">\n\t\t\t\t\t        <div class=\"master-image-box \">\n            <div class=\"thumb\"><div class=\"url-wrap\"><a class=\"arrow\" href=\"\"><\/a><\/div><\/div>\n            <div class=\"content-wrap\">\n                <h3 class=\"headline-2\">Verbessern Sie die Buchungseffizienz und maximieren Sie Ihren Umsatz <\/h3><div class=\"desc\">Die Zentralisierung Ihres Reservierungsmanagements spart Ihnen Zeit, minimiert Fehler und sorgt f\u00fcr einen effizienteren Buchungsprozess. Durch die Integration mit f\u00fchrenden OTAs erweitern Sie Ihre Reichweite, verwalten Buchungen m\u00fchelos und steigern Ihren Umsatz mit minimalem Aufwand.<\/div>            <\/div>\n        <\/div>\n\n        \t\t\t\t<\/div>\n\t\t\t\t<\/div>\n\t\t\t\t\t<\/div>\n\t\t<\/div>\n\t\t\t\t\t<\/div>\n\t\t<\/section>\n\t\t\t\t<section class=\"elementor-section elementor-top-section elementor-element elementor-element-a53d17c elementor-section-boxed elementor-section-height-default elementor-section-height-default\" data-id=\"a53d17c\" data-element_type=\"section\">\n\t\t\t\t\t\t<div class=\"elementor-container elementor-column-gap-default\">\n\t\t\t\t\t<div class=\"elementor-column elementor-col-33 elementor-top-column elementor-element elementor-element-5a12be1\" data-id=\"5a12be1\" data-element_type=\"column\">\n\t\t\t<div class=\"elementor-widget-wrap elementor-element-populated\">\n\t\t\t\t\t\t<div class=\"elementor-element elementor-element-fddd980 image-box-style-3 elementor-widget elementor-widget-mae-image-box\" data-id=\"fddd980\" data-element_type=\"widget\" data-widget_type=\"mae-image-box.default\">\n\t\t\t\t<div class=\"elementor-widget-container\">\n\t\t\t\t\t        <div class=\"master-image-box \">\n            <div class=\"thumb\"><div class=\"url-wrap\"><a class=\"arrow\" href=\"\"><\/a><\/div><\/div>\n            <div class=\"content-wrap\">\n                <h3 class=\"headline-2\">Verbesserte Effizienz <\/h3><div class=\"desc\">Unser System erm\u00f6glicht es Ihnen, Reservierungen m\u00fchelos zu verwalten, einen reibungslosen Ablauf zu garantieren und Ihrem Team wertvolle Zeit zu sparen, damit es sich voll und ganz auf die Schaffung herausragender Besuchererlebnisse konzentrieren kann.<\/div>            <\/div>\n        <\/div>\n\n        \t\t\t\t<\/div>\n\t\t\t\t<\/div>\n\t\t\t\t\t<\/div>\n\t\t<\/div>\n\t\t\t\t<div class=\"elementor-column elementor-col-33 elementor-top-column elementor-element elementor-element-27d2490\" data-id=\"27d2490\" data-element_type=\"column\">\n\t\t\t<div class=\"elementor-widget-wrap elementor-element-populated\">\n\t\t\t\t\t\t<div class=\"elementor-element elementor-element-7e8cc54 image-box-style-3 elementor-widget elementor-widget-mae-image-box\" data-id=\"7e8cc54\" data-element_type=\"widget\" data-widget_type=\"mae-image-box.default\">\n\t\t\t\t<div class=\"elementor-widget-container\">\n\t\t\t\t\t        <div class=\"master-image-box \">\n            <div class=\"thumb\"><div class=\"url-wrap\"><a class=\"arrow\" href=\"\"><\/a><\/div><\/div>\n            <div class=\"content-wrap\">\n                <h3 class=\"headline-2\">Maximieren Sie Ihre Ums\u00e4tze \u00fcber verschiedene Plattformen hinweg <\/h3><div class=\"desc\">Passen Sie Preise, Verf\u00fcgbarkeit und Angebote \u00fcber verschiedene OTAs hinweg an, um Ihr Umsatzpotenzial zu maximieren. Mit der Cosmic Booking Engine k\u00f6nnen Sie alle Buchungen \u00fcber ein zentrales System verwalten und Ihre Verkaufsstrategie auf jeder Plattform effizient optimieren.<\/div>            <\/div>\n        <\/div>\n\n        \t\t\t\t<\/div>\n\t\t\t\t<\/div>\n\t\t\t\t\t<\/div>\n\t\t<\/div>\n\t\t\t\t<div class=\"elementor-column elementor-col-33 elementor-top-column elementor-element elementor-element-d5ca7d9\" data-id=\"d5ca7d9\" data-element_type=\"column\">\n\t\t\t<div class=\"elementor-widget-wrap elementor-element-populated\">\n\t\t\t\t\t\t<div class=\"elementor-element elementor-element-519f223 image-box-style-3 elementor-widget elementor-widget-mae-image-box\" data-id=\"519f223\" data-element_type=\"widget\" data-widget_type=\"mae-image-box.default\">\n\t\t\t\t<div class=\"elementor-widget-container\">\n\t\t\t\t\t        <div class=\"master-image-box \">\n            <div class=\"thumb\"><div class=\"url-wrap\"><a class=\"arrow\" href=\"\"><\/a><\/div><\/div>\n            <div class=\"content-wrap\">\n                <h3 class=\"headline-2\">Zentrales Buchungssystem<\/h3><div class=\"desc\">Alle Ihre Buchungen, egal ob sie \u00fcber GetYourGuide, Viator oder andere OTAs eingehen, werden in einer einzigen Schnittstelle zusammengef\u00fchrt. Diese Zentralisierung erspart Ihnen das Wechseln zwischen verschiedenen Plattformen und reduziert so den Verwaltungsaufwand.<\/div>            <\/div>\n        <\/div>\n\n        \t\t\t\t<\/div>\n\t\t\t\t<\/div>\n\t\t\t\t\t<\/div>\n\t\t<\/div>\n\t\t\t\t\t<\/div>\n\t\t<\/section>\n\t\t<div class=\"elementor-element elementor-element-804e8ce e-flex e-con-boxed e-con e-parent\" data-id=\"804e8ce\" data-element_type=\"container\">\n\t\t\t\t\t<div class=\"e-con-inner\">\n\t\t\t\t<div class=\"elementor-element elementor-element-03c6f21 elementor-widget elementor-widget-spacer\" data-id=\"03c6f21\" data-element_type=\"widget\" data-widget_type=\"spacer.default\">\n\t\t\t\t<div class=\"elementor-widget-container\">\n\t\t\t\t\t\t\t<div class=\"elementor-spacer\">\n\t\t\t<div class=\"elementor-spacer-inner\"><\/div>\n\t\t<\/div>\n\t\t\t\t\t\t<\/div>\n\t\t\t\t<\/div>\n\t\t\t\t\t<\/div>\n\t\t\t\t<\/div>\n\t\t\t\t<\/div>\n\t\t","protected":false},"excerpt":{"rendered":"<p>Zentralisieren Sie Ihr Buchungssystem \u00fcber f\u00fchrende OTAs hinweg Die Verwaltung von Buchungen f\u00fchrender Online-Reiseagenturen (OTAs) wie GetYourGuide, Viator, Booking.com und anderen kann zeitaufwendig sein. Mit der Cosmic Booking Engine k\u00f6nnen Sie jedoch alle Buchungen aus den OTAs in einem einzigen, optimierten System zentralisieren und so die Effizienz deutlich steigern. Verbessern<\/p>\n","protected":false},"author":1,"featured_media":0,"parent":0,"menu_order":0,"comment_status":"closed","ping_status":"closed","template":"","meta":{"footnotes":""},"class_list":["post-5892","page","type-page","status-publish","hentry"],"yoast_head":"<!-- This site is optimized with the Yoast SEO plugin v26.2 - https:\/\/yoast.com\/wordpress\/plugins\/seo\/ -->\n<title>Reservierungsmanagement auf f\u00fchrenden OTA-Plattformen - Cosmic Booking Engine<\/title>\n<meta name=\"robots\" content=\"index, follow, max-snippet:-1, max-image-preview:large, max-video-preview:-1\" \/>\n<link rel=\"canonical\" href=\"https:\/\/www.cosmic-booking-engine.com\/de\/reservierungsmanagement-auf-fuehrenden-ota-plattformen\/\" \/>\n<meta property=\"og:locale\" content=\"de_DE\" \/>\n<meta property=\"og:type\" content=\"article\" \/>\n<meta property=\"og:title\" content=\"Reservierungsmanagement auf f\u00fchrenden OTA-Plattformen - Cosmic Booking Engine\" \/>\n<meta property=\"og:description\" content=\"Zentralisieren Sie Ihr Buchungssystem \u00fcber f\u00fchrende OTAs hinweg Die Verwaltung von Buchungen f\u00fchrender Online-Reiseagenturen (OTAs) wie GetYourGuide, Viator, Booking.com und anderen kann zeitaufwendig sein. Mit der Cosmic Booking Engine k\u00f6nnen Sie jedoch alle Buchungen aus den OTAs in einem einzigen, optimierten System zentralisieren und so die Effizienz deutlich steigern. Verbessern\" \/>\n<meta property=\"og:url\" content=\"https:\/\/www.cosmic-booking-engine.com\/de\/reservierungsmanagement-auf-fuehrenden-ota-plattformen\/\" \/>\n<meta property=\"og:site_name\" content=\"Cosmic Booking Engine\" \/>\n<meta property=\"article:modified_time\" content=\"2025-06-04T12:37:14+00:00\" \/>\n<meta property=\"og:image\" content=\"https:\/\/www.cosmic-booking-engine.com\/wp-content\/uploads\/2025\/09\/favicon.png\" \/>\n\t<meta property=\"og:image:width\" content=\"500\" \/>\n\t<meta property=\"og:image:height\" content=\"500\" \/>\n\t<meta property=\"og:image:type\" content=\"image\/png\" \/>\n<meta name=\"twitter:card\" content=\"summary_large_image\" \/>\n<meta name=\"twitter:label1\" content=\"Gesch\u00e4tzte Lesezeit\" \/>\n\t<meta name=\"twitter:data1\" content=\"1\u00a0Minute\" \/>\n<script type=\"application\/ld+json\" class=\"yoast-schema-graph\">{\"@context\":\"https:\/\/schema.org\",\"@graph\":[{\"@type\":\"WebPage\",\"@id\":\"https:\/\/www.cosmic-booking-engine.com\/de\/reservierungsmanagement-auf-fuehrenden-ota-plattformen\/\",\"url\":\"https:\/\/www.cosmic-booking-engine.com\/de\/reservierungsmanagement-auf-fuehrenden-ota-plattformen\/\",\"name\":\"Reservierungsmanagement auf f\u00fchrenden OTA-Plattformen - Cosmic Booking Engine\",\"isPartOf\":{\"@id\":\"https:\/\/www.cosmic-booking-engine.com\/#website\"},\"datePublished\":\"2025-03-24T15:36:56+00:00\",\"dateModified\":\"2025-06-04T12:37:14+00:00\",\"breadcrumb\":{\"@id\":\"https:\/\/www.cosmic-booking-engine.com\/de\/reservierungsmanagement-auf-fuehrenden-ota-plattformen\/#breadcrumb\"},\"inLanguage\":\"de\",\"potentialAction\":[{\"@type\":\"ReadAction\",\"target\":[\"https:\/\/www.cosmic-booking-engine.com\/de\/reservierungsmanagement-auf-fuehrenden-ota-plattformen\/\"]}]},{\"@type\":\"BreadcrumbList\",\"@id\":\"https:\/\/www.cosmic-booking-engine.com\/de\/reservierungsmanagement-auf-fuehrenden-ota-plattformen\/#breadcrumb\",\"itemListElement\":[{\"@type\":\"ListItem\",\"position\":1,\"name\":\"Home\",\"item\":\"https:\/\/www.cosmic-booking-engine.com\/\"},{\"@type\":\"ListItem\",\"position\":2,\"name\":\"Reservierungsmanagement auf f\u00fchrenden OTA-Plattformen\"}]},{\"@type\":\"WebSite\",\"@id\":\"https:\/\/www.cosmic-booking-engine.com\/#website\",\"url\":\"https:\/\/www.cosmic-booking-engine.com\/\",\"name\":\"Cosmic Booking Engine\",\"description\":\"\",\"publisher\":{\"@id\":\"https:\/\/www.cosmic-booking-engine.com\/#organization\"},\"potentialAction\":[{\"@type\":\"SearchAction\",\"target\":{\"@type\":\"EntryPoint\",\"urlTemplate\":\"https:\/\/www.cosmic-booking-engine.com\/?s={search_term_string}\"},\"query-input\":{\"@type\":\"PropertyValueSpecification\",\"valueRequired\":true,\"valueName\":\"search_term_string\"}}],\"inLanguage\":\"de\"},{\"@type\":\"Organization\",\"@id\":\"https:\/\/www.cosmic-booking-engine.com\/#organization\",\"name\":\"Cosmic Booking Engine\",\"url\":\"https:\/\/www.cosmic-booking-engine.com\/\",\"logo\":{\"@type\":\"ImageObject\",\"inLanguage\":\"de\",\"@id\":\"https:\/\/www.cosmic-booking-engine.com\/#\/schema\/logo\/image\/\",\"url\":\"https:\/\/www.cosmic-booking-engine.com\/wp-content\/uploads\/2025\/09\/favicon.png\",\"contentUrl\":\"https:\/\/www.cosmic-booking-engine.com\/wp-content\/uploads\/2025\/09\/favicon.png\",\"width\":500,\"height\":500,\"caption\":\"Cosmic Booking Engine\"},\"image\":{\"@id\":\"https:\/\/www.cosmic-booking-engine.com\/#\/schema\/logo\/image\/\"}}]}<\/script>\n<!-- \/ Yoast SEO plugin. -->","yoast_head_json":{"title":"Reservierungsmanagement auf f\u00fchrenden OTA-Plattformen - Cosmic Booking Engine","robots":{"index":"index","follow":"follow","max-snippet":"max-snippet:-1","max-image-preview":"max-image-preview:large","max-video-preview":"max-video-preview:-1"},"canonical":"https:\/\/www.cosmic-booking-engine.com\/de\/reservierungsmanagement-auf-fuehrenden-ota-plattformen\/","og_locale":"de_DE","og_type":"article","og_title":"Reservierungsmanagement auf f\u00fchrenden OTA-Plattformen - Cosmic Booking Engine","og_description":"Zentralisieren Sie Ihr Buchungssystem \u00fcber f\u00fchrende OTAs hinweg Die Verwaltung von Buchungen f\u00fchrender Online-Reiseagenturen (OTAs) wie GetYourGuide, Viator, Booking.com und anderen kann zeitaufwendig sein. Mit der Cosmic Booking Engine k\u00f6nnen Sie jedoch alle Buchungen aus den OTAs in einem einzigen, optimierten System zentralisieren und so die Effizienz deutlich steigern. Verbessern","og_url":"https:\/\/www.cosmic-booking-engine.com\/de\/reservierungsmanagement-auf-fuehrenden-ota-plattformen\/","og_site_name":"Cosmic Booking Engine","article_modified_time":"2025-06-04T12:37:14+00:00","og_image":[{"width":500,"height":500,"url":"https:\/\/www.cosmic-booking-engine.com\/wp-content\/uploads\/2025\/09\/favicon.png","type":"image\/png"}],"twitter_card":"summary_large_image","twitter_misc":{"Gesch\u00e4tzte Lesezeit":"1\u00a0Minute"},"schema":{"@context":"https:\/\/schema.org","@graph":[{"@type":"WebPage","@id":"https:\/\/www.cosmic-booking-engine.com\/de\/reservierungsmanagement-auf-fuehrenden-ota-plattformen\/","url":"https:\/\/www.cosmic-booking-engine.com\/de\/reservierungsmanagement-auf-fuehrenden-ota-plattformen\/","name":"Reservierungsmanagement auf f\u00fchrenden OTA-Plattformen - Cosmic Booking Engine","isPartOf":{"@id":"https:\/\/www.cosmic-booking-engine.com\/#website"},"datePublished":"2025-03-24T15:36:56+00:00","dateModified":"2025-06-04T12:37:14+00:00","breadcrumb":{"@id":"https:\/\/www.cosmic-booking-engine.com\/de\/reservierungsmanagement-auf-fuehrenden-ota-plattformen\/#breadcrumb"},"inLanguage":"de","potentialAction":[{"@type":"ReadAction","target":["https:\/\/www.cosmic-booking-engine.com\/de\/reservierungsmanagement-auf-fuehrenden-ota-plattformen\/"]}]},{"@type":"BreadcrumbList","@id":"https:\/\/www.cosmic-booking-engine.com\/de\/reservierungsmanagement-auf-fuehrenden-ota-plattformen\/#breadcrumb","itemListElement":[{"@type":"ListItem","position":1,"name":"Home","item":"https:\/\/www.cosmic-booking-engine.com\/"},{"@type":"ListItem","position":2,"name":"Reservierungsmanagement auf f\u00fchrenden OTA-Plattformen"}]},{"@type":"WebSite","@id":"https:\/\/www.cosmic-booking-engine.com\/#website","url":"https:\/\/www.cosmic-booking-engine.com\/","name":"Cosmic Booking Engine","description":"","publisher":{"@id":"https:\/\/www.cosmic-booking-engine.com\/#organization"},"potentialAction":[{"@type":"SearchAction","target":{"@type":"EntryPoint","urlTemplate":"https:\/\/www.cosmic-booking-engine.com\/?s={search_term_string}"},"query-input":{"@type":"PropertyValueSpecification","valueRequired":true,"valueName":"search_term_string"}}],"inLanguage":"de"},{"@type":"Organization","@id":"https:\/\/www.cosmic-booking-engine.com\/#organization","name":"Cosmic Booking Engine","url":"https:\/\/www.cosmic-booking-engine.com\/","logo":{"@type":"ImageObject","inLanguage":"de","@id":"https:\/\/www.cosmic-booking-engine.com\/#\/schema\/logo\/image\/","url":"https:\/\/www.cosmic-booking-engine.com\/wp-content\/uploads\/2025\/09\/favicon.png","contentUrl":"https:\/\/www.cosmic-booking-engine.com\/wp-content\/uploads\/2025\/09\/favicon.png","width":500,"height":500,"caption":"Cosmic Booking Engine"},"image":{"@id":"https:\/\/www.cosmic-booking-engine.com\/#\/schema\/logo\/image\/"}}]}},"_links":{"self":[{"href":"https:\/\/www.cosmic-booking-engine.com\/de\/wp-json\/wp\/v2\/pages\/5892","targetHints":{"allow":["GET"]}}],"collection":[{"href":"https:\/\/www.cosmic-booking-engine.com\/de\/wp-json\/wp\/v2\/pages"}],"about":[{"href":"https:\/\/www.cosmic-booking-engine.com\/de\/wp-json\/wp\/v2\/types\/page"}],"author":[{"embeddable":true,"href":"https:\/\/www.cosmic-booking-engine.com\/de\/wp-json\/wp\/v2\/users\/1"}],"replies":[{"embeddable":true,"href":"https:\/\/www.cosmic-booking-engine.com\/de\/wp-json\/wp\/v2\/comments?post=5892"}],"version-history":[{"count":5,"href":"https:\/\/www.cosmic-booking-engine.com\/de\/wp-json\/wp\/v2\/pages\/5892\/revisions"}],"predecessor-version":[{"id":6062,"href":"https:\/\/www.cosmic-booking-engine.com\/de\/wp-json\/wp\/v2\/pages\/5892\/revisions\/6062"}],"wp:attachment":[{"href":"https:\/\/www.cosmic-booking-engine.com\/de\/wp-json\/wp\/v2\/media?parent=5892"}],"curies":[{"name":"wp","href":"https:\/\/api.w.org\/{rel}","templated":true}]}}