
{"id":5888,"date":"2025-03-24T15:36:40","date_gmt":"2025-03-24T15:36:40","guid":{"rendered":"https:\/\/www.cosmic-booking-engine.com\/google-things-to-do-integration\/"},"modified":"2025-05-27T12:09:39","modified_gmt":"2025-05-27T12:09:39","slug":"google-things-to-do-integration","status":"publish","type":"page","link":"https:\/\/www.cosmic-booking-engine.com\/de\/google-things-to-do-integration\/","title":{"rendered":"Google Things to Do Integration"},"content":{"rendered":"\t\t<div data-elementor-type=\"wp-page\" data-elementor-id=\"5888\" class=\"elementor elementor-5888 elementor-4416\">\n\t\t\t\t<div class=\"elementor-element elementor-element-8917f38 e-flex e-con-boxed e-con e-parent\" data-id=\"8917f38\" data-element_type=\"container\">\n\t\t\t\t\t<div class=\"e-con-inner\">\n\t\t\t\t<div class=\"elementor-element elementor-element-2a1b69c elementor-widget elementor-widget-spacer\" data-id=\"2a1b69c\" data-element_type=\"widget\" data-widget_type=\"spacer.default\">\n\t\t\t\t<div class=\"elementor-widget-container\">\n\t\t\t\t\t\t\t<div class=\"elementor-spacer\">\n\t\t\t<div class=\"elementor-spacer-inner\"><\/div>\n\t\t<\/div>\n\t\t\t\t\t\t<\/div>\n\t\t\t\t<\/div>\n\t\t\t\t\t<\/div>\n\t\t\t\t<\/div>\n\t\t\t\t<section class=\"elementor-section elementor-top-section elementor-element elementor-element-7d82b3f elementor-section-boxed elementor-section-height-default elementor-section-height-default\" data-id=\"7d82b3f\" data-element_type=\"section\">\n\t\t\t\t\t\t<div class=\"elementor-container elementor-column-gap-default\">\n\t\t\t\t\t<div class=\"elementor-column elementor-col-50 elementor-top-column elementor-element elementor-element-182bf67\" data-id=\"182bf67\" data-element_type=\"column\">\n\t\t\t<div class=\"elementor-widget-wrap elementor-element-populated\">\n\t\t\t\t\t\t<div class=\"elementor-element elementor-element-9a682df image-box-style-3 elementor-widget elementor-widget-mae-image-box\" data-id=\"9a682df\" data-element_type=\"widget\" data-widget_type=\"mae-image-box.default\">\n\t\t\t\t<div class=\"elementor-widget-container\">\n\t\t\t\t\t        <div class=\"master-image-box \">\n            <div class=\"thumb\"><div class=\"url-wrap\"><a class=\"arrow\" href=\"\"><\/a><\/div><\/div>\n            <div class=\"content-wrap\">\n                <h3 class=\"headline-2\">Steigern Sie Ihre Reichweite mit nahtloser Google-Integration <\/h3><div class=\"desc\"><p>Die Google Things to Do-Integration st\u00e4rkt Ihre Online-Pr\u00e4senz erheblich, indem Besucher Ihre Erlebnisse direkt \u00fcber Google Suche, Google Maps und andere Google-Dienste finden, buchen und aufrufen k\u00f6nnen. Dies steigert nicht nur Ihre Sichtbarkeit, sondern vereinfacht auch den Buchungsprozess f\u00fcr Ihre Kunden.<\/p><\/div>            <\/div>\n        <\/div>\n\n        \t\t\t\t<\/div>\n\t\t\t\t<\/div>\n\t\t\t\t\t<\/div>\n\t\t<\/div>\n\t\t\t\t<div class=\"elementor-column elementor-col-50 elementor-top-column elementor-element elementor-element-7594eb8\" data-id=\"7594eb8\" data-element_type=\"column\">\n\t\t\t<div class=\"elementor-widget-wrap elementor-element-populated\">\n\t\t\t\t\t\t<div class=\"elementor-element elementor-element-af865f7 image-box-style-3 elementor-widget elementor-widget-mae-image-box\" data-id=\"af865f7\" data-element_type=\"widget\" data-widget_type=\"mae-image-box.default\">\n\t\t\t\t<div class=\"elementor-widget-container\">\n\t\t\t\t\t        <div class=\"master-image-box \">\n            <div class=\"thumb\"><div class=\"url-wrap\"><a class=\"arrow\" href=\"\"><\/a><\/div><\/div>\n            <div class=\"content-wrap\">\n                <h3 class=\"headline-2\">Erh\u00f6hen Sie die <br>Online-Sichtbarkeit <\/h3><div class=\"desc\"><p>Erscheinen Sie direkt in den Google-Suchergebnissen und auf Google Maps, damit Reisende Ihren Veranstaltungsort oder Ihre Attraktion m\u00fchelos finden, wenn sie nach Aktivit\u00e4ten oder Sehensw\u00fcrdigkeiten in Ihrer Umgebung suchen.<\/p><\/div>            <\/div>\n        <\/div>\n\n        \t\t\t\t<\/div>\n\t\t\t\t<\/div>\n\t\t\t\t\t<\/div>\n\t\t<\/div>\n\t\t\t\t\t<\/div>\n\t\t<\/section>\n\t\t\t\t<section class=\"elementor-section elementor-top-section elementor-element elementor-element-2497e7e elementor-section-boxed elementor-section-height-default elementor-section-height-default\" data-id=\"2497e7e\" data-element_type=\"section\">\n\t\t\t\t\t\t<div class=\"elementor-container elementor-column-gap-default\">\n\t\t\t\t\t<div class=\"elementor-column elementor-col-50 elementor-top-column elementor-element elementor-element-e2ef74a\" data-id=\"e2ef74a\" data-element_type=\"column\">\n\t\t\t<div class=\"elementor-widget-wrap elementor-element-populated\">\n\t\t\t\t\t\t<div class=\"elementor-element elementor-element-d00533c image-box-style-3 elementor-widget elementor-widget-mae-image-box\" data-id=\"d00533c\" data-element_type=\"widget\" data-widget_type=\"mae-image-box.default\">\n\t\t\t\t<div class=\"elementor-widget-container\">\n\t\t\t\t\t        <div class=\"master-image-box \">\n            <div class=\"thumb\"><div class=\"url-wrap\"><a class=\"arrow\" href=\"\"><\/a><\/div><\/div>\n            <div class=\"content-wrap\">\n                <h3 class=\"headline-2\">Nahtloses Buchungserlebnis <\/h3><div class=\"desc\"><p>Besucher k\u00f6nnen direkt \u00fcber Google buchen, ohne die Plattform zu verlassen. Ob in Google oder Google Maps \u2013 die Buchung ist nur wenige Klicks entfernt, was den Buchungsprozess vereinfacht und die Konversionsraten steigert.<\/p><\/div>            <\/div>\n        <\/div>\n\n        \t\t\t\t<\/div>\n\t\t\t\t<\/div>\n\t\t\t\t\t<\/div>\n\t\t<\/div>\n\t\t\t\t<div class=\"elementor-column elementor-col-50 elementor-top-column elementor-element elementor-element-71b75c8\" data-id=\"71b75c8\" data-element_type=\"column\">\n\t\t\t<div class=\"elementor-widget-wrap elementor-element-populated\">\n\t\t\t\t\t\t<div class=\"elementor-element elementor-element-bb85003 image-box-style-3 elementor-widget elementor-widget-mae-image-box\" data-id=\"bb85003\" data-element_type=\"widget\" data-widget_type=\"mae-image-box.default\">\n\t\t\t\t<div class=\"elementor-widget-container\">\n\t\t\t\t\t        <div class=\"master-image-box \">\n            <div class=\"thumb\"><div class=\"url-wrap\"><a class=\"arrow\" href=\"\"><\/a><\/div><\/div>\n            <div class=\"content-wrap\">\n                <h3 class=\"headline-2\">Steigern Sie Direktbuchungen<\/h3><div class=\"desc\">Reduzieren Sie die Abh\u00e4ngigkeit von Drittanbieter-Buchungsplattformen, indem Sie mehr Besucher \u00fcber die vertrauensw\u00fcrdigen Google-Dienste direkt zu Ihrem Buchungssystem leiten und ihnen eine einfache und reibungslose Reservierung erm\u00f6glichen. <\/div>            <\/div>\n        <\/div>\n\n        \t\t\t\t<\/div>\n\t\t\t\t<\/div>\n\t\t\t\t\t<\/div>\n\t\t<\/div>\n\t\t\t\t\t<\/div>\n\t\t<\/section>\n\t\t\t\t<section class=\"elementor-section elementor-top-section elementor-element elementor-element-fc9b3fd elementor-section-boxed elementor-section-height-default elementor-section-height-default\" data-id=\"fc9b3fd\" data-element_type=\"section\">\n\t\t\t\t\t\t<div class=\"elementor-container elementor-column-gap-default\">\n\t\t\t\t\t<div class=\"elementor-column elementor-col-50 elementor-top-column elementor-element elementor-element-bc92dae\" data-id=\"bc92dae\" data-element_type=\"column\">\n\t\t\t<div class=\"elementor-widget-wrap elementor-element-populated\">\n\t\t\t\t\t\t<div class=\"elementor-element elementor-element-9a18abb image-box-style-3 elementor-widget elementor-widget-mae-image-box\" data-id=\"9a18abb\" data-element_type=\"widget\" data-widget_type=\"mae-image-box.default\">\n\t\t\t\t<div class=\"elementor-widget-container\">\n\t\t\t\t\t        <div class=\"master-image-box \">\n            <div class=\"thumb\"><div class=\"url-wrap\"><a class=\"arrow\" href=\"\"><\/a><\/div><\/div>\n            <div class=\"content-wrap\">\n                <h3 class=\"headline-2\">Maximieren Sie Sichtbarkeit und Engagement <\/h3><div class=\"desc\">Als Teil des vertrauensw\u00fcrdigen Google-\u00d6kosystems wird Ihre Attraktion oder Aktivit\u00e4t einem breiten Publikum zug\u00e4nglich. Da Millionen von Nutzern t\u00e4glich Google-Dienste nutzen, wird Ihre Sichtbarkeit steigen und damit auch die Zahl der Buchungen, wenn mehr Menschen Ihr Angebot entdecken.<\/div>            <\/div>\n        <\/div>\n\n        \t\t\t\t<\/div>\n\t\t\t\t<\/div>\n\t\t\t\t\t<\/div>\n\t\t<\/div>\n\t\t\t\t<div class=\"elementor-column elementor-col-50 elementor-top-column elementor-element elementor-element-2dd3b81\" data-id=\"2dd3b81\" data-element_type=\"column\">\n\t\t\t<div class=\"elementor-widget-wrap elementor-element-populated\">\n\t\t\t\t\t\t<div class=\"elementor-element elementor-element-d90ed8d image-box-style-3 elementor-widget elementor-widget-mae-image-box\" data-id=\"d90ed8d\" data-element_type=\"widget\" data-widget_type=\"mae-image-box.default\">\n\t\t\t\t<div class=\"elementor-widget-container\">\n\t\t\t\t\t        <div class=\"master-image-box \">\n            <div class=\"thumb\"><div class=\"url-wrap\"><a class=\"arrow\" href=\"\"><\/a><\/div><\/div>\n            <div class=\"content-wrap\">\n                <h3 class=\"headline-2\">Erzielen Sie eine gr\u00f6\u00dfere Reichweite und erh\u00f6hen Sie Ihre Buchungen <\/h3><div class=\"desc\">Durch die Integration Ihrer Dienstleistungen in Google Things to Do stellen Sie sicher, dass potenzielle Besucher Ihre Erlebnisse einfach entdecken und buchen k\u00f6nnen. Diese leistungsstarke Integration hilft Ihnen, auf dem sich st\u00e4ndig ver\u00e4ndernden digitalen Tourismusmarkt sichtbar, zug\u00e4nglich und wettbewerbsf\u00e4hig zu bleiben.<\/div>            <\/div>\n        <\/div>\n\n        \t\t\t\t<\/div>\n\t\t\t\t<\/div>\n\t\t\t\t\t<\/div>\n\t\t<\/div>\n\t\t\t\t\t<\/div>\n\t\t<\/section>\n\t\t<div class=\"elementor-element elementor-element-7a1a5f8 e-flex e-con-boxed e-con e-parent\" data-id=\"7a1a5f8\" data-element_type=\"container\">\n\t\t\t\t\t<div class=\"e-con-inner\">\n\t\t\t\t<div class=\"elementor-element elementor-element-e026cf3 elementor-widget elementor-widget-spacer\" data-id=\"e026cf3\" data-element_type=\"widget\" data-widget_type=\"spacer.default\">\n\t\t\t\t<div class=\"elementor-widget-container\">\n\t\t\t\t\t\t\t<div class=\"elementor-spacer\">\n\t\t\t<div class=\"elementor-spacer-inner\"><\/div>\n\t\t<\/div>\n\t\t\t\t\t\t<\/div>\n\t\t\t\t<\/div>\n\t\t\t\t\t<\/div>\n\t\t\t\t<\/div>\n\t\t\t\t<\/div>\n\t\t","protected":false},"excerpt":{"rendered":"<p>Steigern Sie Ihre Reichweite mit nahtloser Google-Integration Die Google Things to Do-Integration st\u00e4rkt Ihre Online-Pr\u00e4senz erheblich, indem Besucher Ihre Erlebnisse direkt \u00fcber Google Suche, Google Maps und andere Google-Dienste finden, buchen und aufrufen k\u00f6nnen. Dies steigert nicht nur Ihre Sichtbarkeit, sondern vereinfacht auch den Buchungsprozess f\u00fcr Ihre Kunden. Erh\u00f6hen Sie<\/p>\n","protected":false},"author":1,"featured_media":0,"parent":0,"menu_order":0,"comment_status":"closed","ping_status":"closed","template":"","meta":{"footnotes":""},"class_list":["post-5888","page","type-page","status-publish","hentry"],"yoast_head":"<!-- This site is optimized with the Yoast SEO plugin v26.2 - https:\/\/yoast.com\/wordpress\/plugins\/seo\/ -->\n<title>Google Things to Do Integration - Cosmic Booking Engine<\/title>\n<meta name=\"robots\" content=\"index, follow, max-snippet:-1, max-image-preview:large, max-video-preview:-1\" \/>\n<link rel=\"canonical\" href=\"https:\/\/www.cosmic-booking-engine.com\/de\/google-things-to-do-integration\/\" \/>\n<meta property=\"og:locale\" content=\"de_DE\" \/>\n<meta property=\"og:type\" content=\"article\" \/>\n<meta property=\"og:title\" content=\"Google Things to Do Integration - Cosmic Booking Engine\" \/>\n<meta property=\"og:description\" content=\"Steigern Sie Ihre Reichweite mit nahtloser Google-Integration Die Google Things to Do-Integration st\u00e4rkt Ihre Online-Pr\u00e4senz erheblich, indem Besucher Ihre Erlebnisse direkt \u00fcber Google Suche, Google Maps und andere Google-Dienste finden, buchen und aufrufen k\u00f6nnen. Dies steigert nicht nur Ihre Sichtbarkeit, sondern vereinfacht auch den Buchungsprozess f\u00fcr Ihre Kunden. Erh\u00f6hen Sie\" \/>\n<meta property=\"og:url\" content=\"https:\/\/www.cosmic-booking-engine.com\/de\/google-things-to-do-integration\/\" \/>\n<meta property=\"og:site_name\" content=\"Cosmic Booking Engine\" \/>\n<meta property=\"article:modified_time\" content=\"2025-05-27T12:09:39+00:00\" \/>\n<meta property=\"og:image\" content=\"https:\/\/www.cosmic-booking-engine.com\/wp-content\/uploads\/2025\/09\/favicon.png\" \/>\n\t<meta property=\"og:image:width\" content=\"500\" \/>\n\t<meta property=\"og:image:height\" content=\"500\" \/>\n\t<meta property=\"og:image:type\" content=\"image\/png\" \/>\n<meta name=\"twitter:card\" content=\"summary_large_image\" \/>\n<meta name=\"twitter:label1\" content=\"Gesch\u00e4tzte Lesezeit\" \/>\n\t<meta name=\"twitter:data1\" content=\"2\u00a0Minuten\" \/>\n<script type=\"application\/ld+json\" class=\"yoast-schema-graph\">{\"@context\":\"https:\/\/schema.org\",\"@graph\":[{\"@type\":\"WebPage\",\"@id\":\"https:\/\/www.cosmic-booking-engine.com\/de\/google-things-to-do-integration\/\",\"url\":\"https:\/\/www.cosmic-booking-engine.com\/de\/google-things-to-do-integration\/\",\"name\":\"Google Things to Do Integration - Cosmic Booking Engine\",\"isPartOf\":{\"@id\":\"https:\/\/www.cosmic-booking-engine.com\/#website\"},\"datePublished\":\"2025-03-24T15:36:40+00:00\",\"dateModified\":\"2025-05-27T12:09:39+00:00\",\"breadcrumb\":{\"@id\":\"https:\/\/www.cosmic-booking-engine.com\/de\/google-things-to-do-integration\/#breadcrumb\"},\"inLanguage\":\"de\",\"potentialAction\":[{\"@type\":\"ReadAction\",\"target\":[\"https:\/\/www.cosmic-booking-engine.com\/de\/google-things-to-do-integration\/\"]}]},{\"@type\":\"BreadcrumbList\",\"@id\":\"https:\/\/www.cosmic-booking-engine.com\/de\/google-things-to-do-integration\/#breadcrumb\",\"itemListElement\":[{\"@type\":\"ListItem\",\"position\":1,\"name\":\"Home\",\"item\":\"https:\/\/www.cosmic-booking-engine.com\/\"},{\"@type\":\"ListItem\",\"position\":2,\"name\":\"Google Things to Do Integration\"}]},{\"@type\":\"WebSite\",\"@id\":\"https:\/\/www.cosmic-booking-engine.com\/#website\",\"url\":\"https:\/\/www.cosmic-booking-engine.com\/\",\"name\":\"Cosmic Booking Engine\",\"description\":\"\",\"publisher\":{\"@id\":\"https:\/\/www.cosmic-booking-engine.com\/#organization\"},\"potentialAction\":[{\"@type\":\"SearchAction\",\"target\":{\"@type\":\"EntryPoint\",\"urlTemplate\":\"https:\/\/www.cosmic-booking-engine.com\/?s={search_term_string}\"},\"query-input\":{\"@type\":\"PropertyValueSpecification\",\"valueRequired\":true,\"valueName\":\"search_term_string\"}}],\"inLanguage\":\"de\"},{\"@type\":\"Organization\",\"@id\":\"https:\/\/www.cosmic-booking-engine.com\/#organization\",\"name\":\"Cosmic Booking Engine\",\"url\":\"https:\/\/www.cosmic-booking-engine.com\/\",\"logo\":{\"@type\":\"ImageObject\",\"inLanguage\":\"de\",\"@id\":\"https:\/\/www.cosmic-booking-engine.com\/#\/schema\/logo\/image\/\",\"url\":\"https:\/\/www.cosmic-booking-engine.com\/wp-content\/uploads\/2025\/09\/favicon.png\",\"contentUrl\":\"https:\/\/www.cosmic-booking-engine.com\/wp-content\/uploads\/2025\/09\/favicon.png\",\"width\":500,\"height\":500,\"caption\":\"Cosmic Booking Engine\"},\"image\":{\"@id\":\"https:\/\/www.cosmic-booking-engine.com\/#\/schema\/logo\/image\/\"}}]}<\/script>\n<!-- \/ Yoast SEO plugin. -->","yoast_head_json":{"title":"Google Things to Do Integration - Cosmic Booking Engine","robots":{"index":"index","follow":"follow","max-snippet":"max-snippet:-1","max-image-preview":"max-image-preview:large","max-video-preview":"max-video-preview:-1"},"canonical":"https:\/\/www.cosmic-booking-engine.com\/de\/google-things-to-do-integration\/","og_locale":"de_DE","og_type":"article","og_title":"Google Things to Do Integration - Cosmic Booking Engine","og_description":"Steigern Sie Ihre Reichweite mit nahtloser Google-Integration Die Google Things to Do-Integration st\u00e4rkt Ihre Online-Pr\u00e4senz erheblich, indem Besucher Ihre Erlebnisse direkt \u00fcber Google Suche, Google Maps und andere Google-Dienste finden, buchen und aufrufen k\u00f6nnen. Dies steigert nicht nur Ihre Sichtbarkeit, sondern vereinfacht auch den Buchungsprozess f\u00fcr Ihre Kunden. Erh\u00f6hen Sie","og_url":"https:\/\/www.cosmic-booking-engine.com\/de\/google-things-to-do-integration\/","og_site_name":"Cosmic Booking Engine","article_modified_time":"2025-05-27T12:09:39+00:00","og_image":[{"width":500,"height":500,"url":"https:\/\/www.cosmic-booking-engine.com\/wp-content\/uploads\/2025\/09\/favicon.png","type":"image\/png"}],"twitter_card":"summary_large_image","twitter_misc":{"Gesch\u00e4tzte Lesezeit":"2\u00a0Minuten"},"schema":{"@context":"https:\/\/schema.org","@graph":[{"@type":"WebPage","@id":"https:\/\/www.cosmic-booking-engine.com\/de\/google-things-to-do-integration\/","url":"https:\/\/www.cosmic-booking-engine.com\/de\/google-things-to-do-integration\/","name":"Google Things to Do Integration - Cosmic Booking Engine","isPartOf":{"@id":"https:\/\/www.cosmic-booking-engine.com\/#website"},"datePublished":"2025-03-24T15:36:40+00:00","dateModified":"2025-05-27T12:09:39+00:00","breadcrumb":{"@id":"https:\/\/www.cosmic-booking-engine.com\/de\/google-things-to-do-integration\/#breadcrumb"},"inLanguage":"de","potentialAction":[{"@type":"ReadAction","target":["https:\/\/www.cosmic-booking-engine.com\/de\/google-things-to-do-integration\/"]}]},{"@type":"BreadcrumbList","@id":"https:\/\/www.cosmic-booking-engine.com\/de\/google-things-to-do-integration\/#breadcrumb","itemListElement":[{"@type":"ListItem","position":1,"name":"Home","item":"https:\/\/www.cosmic-booking-engine.com\/"},{"@type":"ListItem","position":2,"name":"Google Things to Do Integration"}]},{"@type":"WebSite","@id":"https:\/\/www.cosmic-booking-engine.com\/#website","url":"https:\/\/www.cosmic-booking-engine.com\/","name":"Cosmic Booking Engine","description":"","publisher":{"@id":"https:\/\/www.cosmic-booking-engine.com\/#organization"},"potentialAction":[{"@type":"SearchAction","target":{"@type":"EntryPoint","urlTemplate":"https:\/\/www.cosmic-booking-engine.com\/?s={search_term_string}"},"query-input":{"@type":"PropertyValueSpecification","valueRequired":true,"valueName":"search_term_string"}}],"inLanguage":"de"},{"@type":"Organization","@id":"https:\/\/www.cosmic-booking-engine.com\/#organization","name":"Cosmic Booking Engine","url":"https:\/\/www.cosmic-booking-engine.com\/","logo":{"@type":"ImageObject","inLanguage":"de","@id":"https:\/\/www.cosmic-booking-engine.com\/#\/schema\/logo\/image\/","url":"https:\/\/www.cosmic-booking-engine.com\/wp-content\/uploads\/2025\/09\/favicon.png","contentUrl":"https:\/\/www.cosmic-booking-engine.com\/wp-content\/uploads\/2025\/09\/favicon.png","width":500,"height":500,"caption":"Cosmic Booking Engine"},"image":{"@id":"https:\/\/www.cosmic-booking-engine.com\/#\/schema\/logo\/image\/"}}]}},"_links":{"self":[{"href":"https:\/\/www.cosmic-booking-engine.com\/de\/wp-json\/wp\/v2\/pages\/5888","targetHints":{"allow":["GET"]}}],"collection":[{"href":"https:\/\/www.cosmic-booking-engine.com\/de\/wp-json\/wp\/v2\/pages"}],"about":[{"href":"https:\/\/www.cosmic-booking-engine.com\/de\/wp-json\/wp\/v2\/types\/page"}],"author":[{"embeddable":true,"href":"https:\/\/www.cosmic-booking-engine.com\/de\/wp-json\/wp\/v2\/users\/1"}],"replies":[{"embeddable":true,"href":"https:\/\/www.cosmic-booking-engine.com\/de\/wp-json\/wp\/v2\/comments?post=5888"}],"version-history":[{"count":3,"href":"https:\/\/www.cosmic-booking-engine.com\/de\/wp-json\/wp\/v2\/pages\/5888\/revisions"}],"predecessor-version":[{"id":5891,"href":"https:\/\/www.cosmic-booking-engine.com\/de\/wp-json\/wp\/v2\/pages\/5888\/revisions\/5891"}],"wp:attachment":[{"href":"https:\/\/www.cosmic-booking-engine.com\/de\/wp-json\/wp\/v2\/media?parent=5888"}],"curies":[{"name":"wp","href":"https:\/\/api.w.org\/{rel}","templated":true}]}}