
{"id":5831,"date":"2025-03-24T15:34:47","date_gmt":"2025-03-24T15:34:47","guid":{"rendered":"https:\/\/www.cosmic-booking-engine.com\/why-choose-cosmic\/"},"modified":"2025-06-10T06:52:21","modified_gmt":"2025-06-10T06:52:21","slug":"was-zeichnet-cosmic-aus","status":"publish","type":"page","link":"https:\/\/www.cosmic-booking-engine.com\/de\/was-zeichnet-cosmic-aus\/","title":{"rendered":"Was zeichnet Cosmic aus?"},"content":{"rendered":"\t\t<div data-elementor-type=\"wp-page\" data-elementor-id=\"5831\" class=\"elementor elementor-5831 elementor-4406\">\n\t\t\t\t\t\t<section class=\"elementor-section elementor-top-section elementor-element elementor-element-9da7b38 elementor-section-full_width elementor-section-stretched elementor-section-height-default elementor-section-height-default\" data-id=\"9da7b38\" data-element_type=\"section\" data-settings=\"{&quot;stretch_section&quot;:&quot;section-stretched&quot;,&quot;background_background&quot;:&quot;classic&quot;}\">\n\t\t\t\t\t\t<div class=\"elementor-container elementor-column-gap-default\">\n\t\t\t\t\t<div class=\"elementor-column elementor-col-100 elementor-top-column elementor-element elementor-element-75261c5\" data-id=\"75261c5\" data-element_type=\"column\">\n\t\t\t<div class=\"elementor-widget-wrap elementor-element-populated\">\n\t\t\t\t\t\t<div class=\"elementor-element elementor-element-7e4eab2 pointer-event-none elementor-widget elementor-widget-mae-particles\" data-id=\"7e4eab2\" data-element_type=\"widget\" data-widget_type=\"mae-particles.default\">\n\t\t\t\t<div class=\"elementor-widget-container\">\n\t\t\t\t\t\n        <div class=\"master-particles\" data-config='{\"json\":\"{\\\"particles\\\":{\\\"number\\\":{\\\"value\\\":100,\\\"density\\\":{\\\"enable\\\":true,\\\"value_area\\\":800}},\\\"color\\\":{\\\"value\\\":\\\"#0d7def\\\"},\\\"shape\\\":{\\\"type\\\":\\\"circle\\\",\\\"stroke\\\":{\\\"width\\\":0,\\\"color\\\":\\\"#0d7def\\\"},\\\"polygon\\\":{\\\"nb_sides\\\":5},\\\"image\\\":{\\\"src\\\":\\\"img\\\/github.svg\\\",\\\"width\\\":100,\\\"height\\\":100}},\\\"opacity\\\":{\\\"value\\\":1,\\\"random\\\":false,\\\"anim\\\":{\\\"enable\\\":false,\\\"speed\\\":1,\\\"opacity_min\\\":0.1,\\\"sync\\\":false}},\\\"size\\\":{\\\"value\\\":2,\\\"random\\\":false,\\\"anim\\\":{\\\"enable\\\":false,\\\"speed\\\":10,\\\"size_min\\\":0.1,\\\"sync\\\":false}},\\\"line_linked\\\":{\\\"enable\\\":true,\\\"distance\\\":150,\\\"color\\\":\\\"#0e7ef0\\\",\\\"opacity\\\":1,\\\"width\\\":1},\\\"move\\\":{\\\"enable\\\":true,\\\"speed\\\":3,\\\"direction\\\":\\\"none\\\",\\\"random\\\":false,\\\"straight\\\":false,\\\"out_mode\\\":\\\"out\\\",\\\"bounce\\\":false,\\\"attract\\\":{\\\"enable\\\":false,\\\"rotateX\\\":600,\\\"rotateY\\\":1200}}},\\\"interactivity\\\":{\\\"detect_on\\\":\\\"canvas\\\",\\\"events\\\":{\\\"onhover\\\":{\\\"enable\\\":false,\\\"mode\\\":\\\"repulse\\\"},\\\"onclick\\\":{\\\"enable\\\":false,\\\"mode\\\":\\\"push\\\"},\\\"resize\\\":true},\\\"modes\\\":{\\\"grab\\\":{\\\"distance\\\":400,\\\"line_linked\\\":{\\\"opacity\\\":1}},\\\"bubble\\\":{\\\"distance\\\":400,\\\"size\\\":40,\\\"duration\\\":2,\\\"opacity\\\":8,\\\"speed\\\":3},\\\"repulse\\\":{\\\"distance\\\":200,\\\"duration\\\":0.4},\\\"push\\\":{\\\"particles_nb\\\":4},\\\"remove\\\":{\\\"particles_nb\\\":2}}},\\\"retina_detect\\\":true}\"}'>\n            <div id=\"particles-js\" class=\"canvas-particles\"><\/div>\n        <\/div>\n    \t\t\t\t<\/div>\n\t\t\t\t<\/div>\n\t\t\t\t<div class=\"elementor-element elementor-element-e42a85d elementor-widget elementor-widget-spacer\" data-id=\"e42a85d\" data-element_type=\"widget\" data-widget_type=\"spacer.default\">\n\t\t\t\t<div class=\"elementor-widget-container\">\n\t\t\t\t\t\t\t<div class=\"elementor-spacer\">\n\t\t\t<div class=\"elementor-spacer-inner\"><\/div>\n\t\t<\/div>\n\t\t\t\t\t\t<\/div>\n\t\t\t\t<\/div>\n\t\t\t\t<section class=\"elementor-section elementor-inner-section elementor-element elementor-element-eb0a8ae elementor-section-content-middle elementor-section-boxed elementor-section-height-default elementor-section-height-default\" data-id=\"eb0a8ae\" data-element_type=\"section\">\n\t\t\t\t\t\t<div class=\"elementor-container elementor-column-gap-default\">\n\t\t\t\t\t<div class=\"elementor-column elementor-col-50 elementor-inner-column elementor-element elementor-element-350d227\" data-id=\"350d227\" data-element_type=\"column\">\n\t\t\t<div class=\"elementor-widget-wrap elementor-element-populated\">\n\t\t\t\t\t\t<div class=\"elementor-element elementor-element-cdad062 heading-style-1 elementor-widget elementor-widget-mae-headings\" data-id=\"cdad062\" data-element_type=\"widget\" data-widget_type=\"mae-headings.default\">\n\t\t\t\t<div class=\"elementor-widget-container\">\n\t\t\t\t\t\t\t<div class=\"master-heading sep-none\">\n\t\t\t\t        \t        \t<div class=\"pre-heading\"><span class=\"line\"><span class=\"inner\"><\/span><\/span>Cosmic Booking Engine<\/div>\n\t        \n\t        \n\t        \t        <h2 class=\"main-heading\">Was zeichnet Cosmic aus? <\/h2>\n\t        \n\t        \n\t        \t    <\/div>\n\t    \t\t\t\t<\/div>\n\t\t\t\t<\/div>\n\t\t\t\t\t<\/div>\n\t\t<\/div>\n\t\t\t\t<div class=\"elementor-column elementor-col-50 elementor-inner-column elementor-element elementor-element-22fe96e\" data-id=\"22fe96e\" data-element_type=\"column\">\n\t\t\t<div class=\"elementor-widget-wrap\">\n\t\t\t\t\t\t\t<\/div>\n\t\t<\/div>\n\t\t\t\t\t<\/div>\n\t\t<\/section>\n\t\t\t\t<div class=\"elementor-element elementor-element-ea24dc6 elementor-widget elementor-widget-spacer\" data-id=\"ea24dc6\" data-element_type=\"widget\" data-widget_type=\"spacer.default\">\n\t\t\t\t<div class=\"elementor-widget-container\">\n\t\t\t\t\t\t\t<div class=\"elementor-spacer\">\n\t\t\t<div class=\"elementor-spacer-inner\"><\/div>\n\t\t<\/div>\n\t\t\t\t\t\t<\/div>\n\t\t\t\t<\/div>\n\t\t\t\t\t<\/div>\n\t\t<\/div>\n\t\t\t\t\t<\/div>\n\t\t<\/section>\n\t\t\t\t<section class=\"elementor-section elementor-top-section elementor-element elementor-element-a40c9a0 elementor-section-boxed elementor-section-height-default elementor-section-height-default\" data-id=\"a40c9a0\" data-element_type=\"section\">\n\t\t\t\t\t\t<div class=\"elementor-container elementor-column-gap-default\">\n\t\t\t\t\t<div class=\"elementor-column elementor-col-33 elementor-top-column elementor-element elementor-element-3a1f05e\" data-id=\"3a1f05e\" data-element_type=\"column\">\n\t\t\t<div class=\"elementor-widget-wrap elementor-element-populated\">\n\t\t\t\t\t\t<div class=\"elementor-element elementor-element-29a9ea7 align-center icon-position-top icon-has-bg hover-effect-none elementor-widget elementor-widget-mae-icon-box\" data-id=\"29a9ea7\" data-element_type=\"widget\" data-widget_type=\"mae-icon-box.default\">\n\t\t\t\t<div class=\"elementor-widget-container\">\n\t\t\t\t\t\n        <div class=\"master-icon-box\" >\n                        \n            <div class=\"inner\">\n                <div class=\"icon-wrap\"><div class=\"master-icon\"><i aria-hidden=\"true\" class=\"dig dig-teaching\"><\/i><\/div><\/div>\n                <div class=\"text-wrap\">\n                    <h2 class=\"headline-2\">Ein engagiertes Team f\u00fcr Ihren Erfolg<\/h2><div class=\"desc\">Unser Expertenteam sorgt daf\u00fcr, dass Ihre Prozesse reibungslos funktionieren, bietet Ihnen proaktive Unterst\u00fctzung und garantiert, dass Ihre Besucher ein perfektes Erlebnis haben.<\/div>                <\/div>\n            <\/div>\n\n            <div class=\"bg-static\"><\/div>        <\/div>\n\n        \t\t\t\t<\/div>\n\t\t\t\t<\/div>\n\t\t\t\t\t<\/div>\n\t\t<\/div>\n\t\t\t\t<div class=\"elementor-column elementor-col-33 elementor-top-column elementor-element elementor-element-6392443\" data-id=\"6392443\" data-element_type=\"column\">\n\t\t\t<div class=\"elementor-widget-wrap elementor-element-populated\">\n\t\t\t\t\t\t<div class=\"elementor-element elementor-element-5b0becf align-center icon-position-top icon-has-bg hover-effect-none elementor-widget elementor-widget-mae-icon-box\" data-id=\"5b0becf\" data-element_type=\"widget\" data-widget_type=\"mae-icon-box.default\">\n\t\t\t\t<div class=\"elementor-widget-container\">\n\t\t\t\t\t\n        <div class=\"master-icon-box\" >\n                        \n            <div class=\"inner\">\n                <div class=\"icon-wrap\"><div class=\"master-icon\"><i aria-hidden=\"true\" class=\"dig dig-growth\"><\/i><\/div><\/div>\n                <div class=\"text-wrap\">\n                    <h2 class=\"headline-2\">Maximieren Sie den Umsatz und optimieren Sie die Kosten<\/h2><div class=\"desc\">Steigern Sie den Direktverkauf von Tickets, reduzieren Sie betriebliche Ineffizienzen und erschlie\u00dfen Sie gleichzeitig neue Einnahmequellen.<\/div>                <\/div>\n            <\/div>\n\n            <div class=\"bg-static\"><\/div>        <\/div>\n\n        \t\t\t\t<\/div>\n\t\t\t\t<\/div>\n\t\t\t\t\t<\/div>\n\t\t<\/div>\n\t\t\t\t<div class=\"elementor-column elementor-col-33 elementor-top-column elementor-element elementor-element-55df2ad\" data-id=\"55df2ad\" data-element_type=\"column\">\n\t\t\t<div class=\"elementor-widget-wrap elementor-element-populated\">\n\t\t\t\t\t\t<div class=\"elementor-element elementor-element-39ef286 align-center icon-position-top icon-has-bg hover-effect-none elementor-widget elementor-widget-mae-icon-box\" data-id=\"39ef286\" data-element_type=\"widget\" data-widget_type=\"mae-icon-box.default\">\n\t\t\t\t<div class=\"elementor-widget-container\">\n\t\t\t\t\t\n        <div class=\"master-icon-box\" >\n                        \n            <div class=\"inner\">\n                <div class=\"icon-wrap\"><div class=\"master-icon\"><i aria-hidden=\"true\" class=\"dig dig-analysis\"><\/i><\/div><\/div>\n                <div class=\"text-wrap\">\n                    <h2 class=\"headline-2\">Datenanalyse und Unternehmensintelligenz<\/h2><div class=\"desc\">Erhalten Sie Echtzeit-Einblicke in Besucherverhalten und Kauftrends, um Ihre Strategien zu verbessern und die Rentabilit\u00e4t zu steigern.<\/div>                <\/div>\n            <\/div>\n\n            <div class=\"bg-static\"><\/div>        <\/div>\n\n        \t\t\t\t<\/div>\n\t\t\t\t<\/div>\n\t\t\t\t\t<\/div>\n\t\t<\/div>\n\t\t\t\t\t<\/div>\n\t\t<\/section>\n\t\t<div class=\"elementor-element elementor-element-6cb78c1 e-flex e-con-boxed e-con e-parent\" data-id=\"6cb78c1\" data-element_type=\"container\">\n\t\t\t\t\t<div class=\"e-con-inner\">\n\t\t\t\t<div class=\"elementor-element elementor-element-2e09987 elementor-widget elementor-widget-spacer\" data-id=\"2e09987\" data-element_type=\"widget\" data-widget_type=\"spacer.default\">\n\t\t\t\t<div class=\"elementor-widget-container\">\n\t\t\t\t\t\t\t<div class=\"elementor-spacer\">\n\t\t\t<div class=\"elementor-spacer-inner\"><\/div>\n\t\t<\/div>\n\t\t\t\t\t\t<\/div>\n\t\t\t\t<\/div>\n\t\t\t\t\t<\/div>\n\t\t\t\t<\/div>\n\t\t\t\t<section class=\"elementor-section elementor-top-section elementor-element elementor-element-c496f2e elementor-section-boxed elementor-section-height-default elementor-section-height-default\" data-id=\"c496f2e\" data-element_type=\"section\">\n\t\t\t\t\t\t<div class=\"elementor-container elementor-column-gap-default\">\n\t\t\t\t\t<div class=\"elementor-column elementor-col-33 elementor-top-column elementor-element elementor-element-6280503\" data-id=\"6280503\" data-element_type=\"column\">\n\t\t\t<div class=\"elementor-widget-wrap elementor-element-populated\">\n\t\t\t\t\t\t<div class=\"elementor-element elementor-element-46063e1 align-center icon-position-top icon-has-bg hover-effect-none elementor-widget elementor-widget-mae-icon-box\" data-id=\"46063e1\" data-element_type=\"widget\" data-widget_type=\"mae-icon-box.default\">\n\t\t\t\t<div class=\"elementor-widget-container\">\n\t\t\t\t\t\n        <div class=\"master-icon-box\" >\n                        \n            <div class=\"inner\">\n                <div class=\"icon-wrap\"><div class=\"master-icon\"><i aria-hidden=\"true\" class=\"dig dig-webpage\"><\/i><\/div><\/div>\n                <div class=\"text-wrap\">\n                    <h2 class=\"headline-2\">Eine Plattform f\u00fcr den gesamten globalen Tourismussektor<\/h2><div class=\"desc\">Bei Cosmic bieten wir eine umfassende Plattform f\u00fcr alle Dienstleister der Tourismusbranche, einschlie\u00dflich Museen, Erlebnisanbietern, Reiseveranstaltern, Zoos, Freizeitparks und vielen weiteren. Unsere Plattform wurde entwickelt, um den Umsatz zu steigern, Betriebsabl\u00e4ufe zu optimieren und die Kundenzufriedenheit zu erh\u00f6hen \u2013 die perfekte L\u00f6sung f\u00fcr jedes Tourismusunternehmen am Zielort.<\/div>                <\/div>\n            <\/div>\n\n            <div class=\"bg-static\"><\/div>        <\/div>\n\n        \t\t\t\t<\/div>\n\t\t\t\t<\/div>\n\t\t\t\t\t<\/div>\n\t\t<\/div>\n\t\t\t\t<div class=\"elementor-column elementor-col-33 elementor-top-column elementor-element elementor-element-f1255ce\" data-id=\"f1255ce\" data-element_type=\"column\">\n\t\t\t<div class=\"elementor-widget-wrap elementor-element-populated\">\n\t\t\t\t\t\t<div class=\"elementor-element elementor-element-e2914a8 align-center icon-position-top icon-has-bg hover-effect-none elementor-widget elementor-widget-mae-icon-box\" data-id=\"e2914a8\" data-element_type=\"widget\" data-widget_type=\"mae-icon-box.default\">\n\t\t\t\t<div class=\"elementor-widget-container\">\n\t\t\t\t\t\n        <div class=\"master-icon-box\" >\n                        \n            <div class=\"inner\">\n                <div class=\"icon-wrap\"><div class=\"master-icon\"><i aria-hidden=\"true\" class=\"dig dig-artificial-intelligence\"><\/i><\/div><\/div>\n                <div class=\"text-wrap\">\n                    <h2 class=\"headline-2\">Profitieren Sie von Jahrzehnten an Expertise<\/h2><div class=\"desc\">Seit den 1970er Jahren arbeiten unsere Gr\u00fcnder eng mit Reiseleitern, Reiseb\u00fcros und Online-Buchungsplattformen zusammen und haben dabei wertvolle Einblicke in das Verhalten der Besucher gewonnen. Wir kombinieren dieses tiefgehende Branchenwissen mit modernster und benutzerfreundlicher Technologie, um L\u00f6sungen zu entwickeln, die die Erwartungen der modernen Reisenden \u00fcbertreffen.<\/div>                <\/div>\n            <\/div>\n\n            <div class=\"bg-static\"><\/div>        <\/div>\n\n        \t\t\t\t<\/div>\n\t\t\t\t<\/div>\n\t\t\t\t\t<\/div>\n\t\t<\/div>\n\t\t\t\t<div class=\"elementor-column elementor-col-33 elementor-top-column elementor-element elementor-element-9718e29\" data-id=\"9718e29\" data-element_type=\"column\">\n\t\t\t<div class=\"elementor-widget-wrap elementor-element-populated\">\n\t\t\t\t\t\t<div class=\"elementor-element elementor-element-4d82a3e align-center icon-position-top icon-has-bg hover-effect-none elementor-widget elementor-widget-mae-icon-box\" data-id=\"4d82a3e\" data-element_type=\"widget\" data-widget_type=\"mae-icon-box.default\">\n\t\t\t\t<div class=\"elementor-widget-container\">\n\t\t\t\t\t\n        <div class=\"master-icon-box\" >\n                        \n            <div class=\"inner\">\n                <div class=\"icon-wrap\"><div class=\"master-icon\"><i aria-hidden=\"true\" class=\"dig dig-customer\"><\/i><\/div><\/div>\n                <div class=\"text-wrap\">\n                    <h2 class=\"headline-2\">Exzellenz ohne Kompromisse <\/h2><div class=\"desc\">Mit innovativen Tools, kundenorientierten L\u00f6sungen und un\u00fcbertroffener Expertise setzen wir den Ma\u00dfstab im Tourismusmanagement und bieten zukunftssichere L\u00f6sungen, die den Erfolg in jeder Phase vorantreiben.<\/div>                <\/div>\n            <\/div>\n\n            <div class=\"bg-static\"><\/div>        <\/div>\n\n        \t\t\t\t<\/div>\n\t\t\t\t<\/div>\n\t\t\t\t\t<\/div>\n\t\t<\/div>\n\t\t\t\t\t<\/div>\n\t\t<\/section>\n\t\t<div class=\"elementor-element elementor-element-541e622 e-flex e-con-boxed e-con e-parent\" data-id=\"541e622\" data-element_type=\"container\">\n\t\t\t\t\t<div class=\"e-con-inner\">\n\t\t\t\t<div class=\"elementor-element elementor-element-9acd60f elementor-widget elementor-widget-spacer\" data-id=\"9acd60f\" data-element_type=\"widget\" data-widget_type=\"spacer.default\">\n\t\t\t\t<div class=\"elementor-widget-container\">\n\t\t\t\t\t\t\t<div class=\"elementor-spacer\">\n\t\t\t<div class=\"elementor-spacer-inner\"><\/div>\n\t\t<\/div>\n\t\t\t\t\t\t<\/div>\n\t\t\t\t<\/div>\n\t\t\t\t\t<\/div>\n\t\t\t\t<\/div>\n\t\t\t\t<\/div>\n\t\t","protected":false},"excerpt":{"rendered":"<p>Cosmic Booking Engine Was zeichnet Cosmic aus? Ein engagiertes Team f\u00fcr Ihren Erfolg Unser Expertenteam sorgt daf\u00fcr, dass Ihre Prozesse reibungslos funktionieren, bietet Ihnen proaktive Unterst\u00fctzung und garantiert, dass Ihre Besucher ein perfektes Erlebnis haben. Maximieren Sie den Umsatz und optimieren Sie die Kosten Steigern Sie den Direktverkauf von Tickets,<\/p>\n","protected":false},"author":1,"featured_media":0,"parent":0,"menu_order":0,"comment_status":"closed","ping_status":"closed","template":"","meta":{"footnotes":""},"class_list":["post-5831","page","type-page","status-publish","hentry"],"yoast_head":"<!-- This site is optimized with the Yoast SEO plugin v26.2 - https:\/\/yoast.com\/wordpress\/plugins\/seo\/ -->\n<title>Was zeichnet Cosmic aus? - Cosmic Booking Engine<\/title>\n<meta name=\"robots\" content=\"index, follow, max-snippet:-1, max-image-preview:large, max-video-preview:-1\" \/>\n<link rel=\"canonical\" href=\"https:\/\/www.cosmic-booking-engine.com\/de\/was-zeichnet-cosmic-aus\/\" \/>\n<meta property=\"og:locale\" content=\"de_DE\" \/>\n<meta property=\"og:type\" content=\"article\" \/>\n<meta property=\"og:title\" content=\"Was zeichnet Cosmic aus? - Cosmic Booking Engine\" \/>\n<meta property=\"og:description\" content=\"Cosmic Booking Engine Was zeichnet Cosmic aus? Ein engagiertes Team f\u00fcr Ihren Erfolg Unser Expertenteam sorgt daf\u00fcr, dass Ihre Prozesse reibungslos funktionieren, bietet Ihnen proaktive Unterst\u00fctzung und garantiert, dass Ihre Besucher ein perfektes Erlebnis haben. Maximieren Sie den Umsatz und optimieren Sie die Kosten Steigern Sie den Direktverkauf von Tickets,\" \/>\n<meta property=\"og:url\" content=\"https:\/\/www.cosmic-booking-engine.com\/de\/was-zeichnet-cosmic-aus\/\" \/>\n<meta property=\"og:site_name\" content=\"Cosmic Booking Engine\" \/>\n<meta property=\"article:modified_time\" content=\"2025-06-10T06:52:21+00:00\" \/>\n<meta property=\"og:image\" content=\"https:\/\/www.cosmic-booking-engine.com\/wp-content\/uploads\/2025\/09\/favicon.png\" \/>\n\t<meta property=\"og:image:width\" content=\"500\" \/>\n\t<meta property=\"og:image:height\" content=\"500\" \/>\n\t<meta property=\"og:image:type\" content=\"image\/png\" \/>\n<meta name=\"twitter:card\" content=\"summary_large_image\" \/>\n<meta name=\"twitter:label1\" content=\"Gesch\u00e4tzte Lesezeit\" \/>\n\t<meta name=\"twitter:data1\" content=\"1\u00a0Minute\" \/>\n<script type=\"application\/ld+json\" class=\"yoast-schema-graph\">{\"@context\":\"https:\/\/schema.org\",\"@graph\":[{\"@type\":\"WebPage\",\"@id\":\"https:\/\/www.cosmic-booking-engine.com\/de\/was-zeichnet-cosmic-aus\/\",\"url\":\"https:\/\/www.cosmic-booking-engine.com\/de\/was-zeichnet-cosmic-aus\/\",\"name\":\"Was zeichnet Cosmic aus? - Cosmic Booking Engine\",\"isPartOf\":{\"@id\":\"https:\/\/www.cosmic-booking-engine.com\/#website\"},\"datePublished\":\"2025-03-24T15:34:47+00:00\",\"dateModified\":\"2025-06-10T06:52:21+00:00\",\"breadcrumb\":{\"@id\":\"https:\/\/www.cosmic-booking-engine.com\/de\/was-zeichnet-cosmic-aus\/#breadcrumb\"},\"inLanguage\":\"de\",\"potentialAction\":[{\"@type\":\"ReadAction\",\"target\":[\"https:\/\/www.cosmic-booking-engine.com\/de\/was-zeichnet-cosmic-aus\/\"]}]},{\"@type\":\"BreadcrumbList\",\"@id\":\"https:\/\/www.cosmic-booking-engine.com\/de\/was-zeichnet-cosmic-aus\/#breadcrumb\",\"itemListElement\":[{\"@type\":\"ListItem\",\"position\":1,\"name\":\"Home\",\"item\":\"https:\/\/www.cosmic-booking-engine.com\/\"},{\"@type\":\"ListItem\",\"position\":2,\"name\":\"Was zeichnet Cosmic aus?\"}]},{\"@type\":\"WebSite\",\"@id\":\"https:\/\/www.cosmic-booking-engine.com\/#website\",\"url\":\"https:\/\/www.cosmic-booking-engine.com\/\",\"name\":\"Cosmic Booking Engine\",\"description\":\"\",\"publisher\":{\"@id\":\"https:\/\/www.cosmic-booking-engine.com\/#organization\"},\"potentialAction\":[{\"@type\":\"SearchAction\",\"target\":{\"@type\":\"EntryPoint\",\"urlTemplate\":\"https:\/\/www.cosmic-booking-engine.com\/?s={search_term_string}\"},\"query-input\":{\"@type\":\"PropertyValueSpecification\",\"valueRequired\":true,\"valueName\":\"search_term_string\"}}],\"inLanguage\":\"de\"},{\"@type\":\"Organization\",\"@id\":\"https:\/\/www.cosmic-booking-engine.com\/#organization\",\"name\":\"Cosmic Booking Engine\",\"url\":\"https:\/\/www.cosmic-booking-engine.com\/\",\"logo\":{\"@type\":\"ImageObject\",\"inLanguage\":\"de\",\"@id\":\"https:\/\/www.cosmic-booking-engine.com\/#\/schema\/logo\/image\/\",\"url\":\"https:\/\/www.cosmic-booking-engine.com\/wp-content\/uploads\/2025\/09\/favicon.png\",\"contentUrl\":\"https:\/\/www.cosmic-booking-engine.com\/wp-content\/uploads\/2025\/09\/favicon.png\",\"width\":500,\"height\":500,\"caption\":\"Cosmic Booking Engine\"},\"image\":{\"@id\":\"https:\/\/www.cosmic-booking-engine.com\/#\/schema\/logo\/image\/\"}}]}<\/script>\n<!-- \/ Yoast SEO plugin. -->","yoast_head_json":{"title":"Was zeichnet Cosmic aus? - Cosmic Booking Engine","robots":{"index":"index","follow":"follow","max-snippet":"max-snippet:-1","max-image-preview":"max-image-preview:large","max-video-preview":"max-video-preview:-1"},"canonical":"https:\/\/www.cosmic-booking-engine.com\/de\/was-zeichnet-cosmic-aus\/","og_locale":"de_DE","og_type":"article","og_title":"Was zeichnet Cosmic aus? - Cosmic Booking Engine","og_description":"Cosmic Booking Engine Was zeichnet Cosmic aus? Ein engagiertes Team f\u00fcr Ihren Erfolg Unser Expertenteam sorgt daf\u00fcr, dass Ihre Prozesse reibungslos funktionieren, bietet Ihnen proaktive Unterst\u00fctzung und garantiert, dass Ihre Besucher ein perfektes Erlebnis haben. Maximieren Sie den Umsatz und optimieren Sie die Kosten Steigern Sie den Direktverkauf von Tickets,","og_url":"https:\/\/www.cosmic-booking-engine.com\/de\/was-zeichnet-cosmic-aus\/","og_site_name":"Cosmic Booking Engine","article_modified_time":"2025-06-10T06:52:21+00:00","og_image":[{"width":500,"height":500,"url":"https:\/\/www.cosmic-booking-engine.com\/wp-content\/uploads\/2025\/09\/favicon.png","type":"image\/png"}],"twitter_card":"summary_large_image","twitter_misc":{"Gesch\u00e4tzte Lesezeit":"1\u00a0Minute"},"schema":{"@context":"https:\/\/schema.org","@graph":[{"@type":"WebPage","@id":"https:\/\/www.cosmic-booking-engine.com\/de\/was-zeichnet-cosmic-aus\/","url":"https:\/\/www.cosmic-booking-engine.com\/de\/was-zeichnet-cosmic-aus\/","name":"Was zeichnet Cosmic aus? - Cosmic Booking Engine","isPartOf":{"@id":"https:\/\/www.cosmic-booking-engine.com\/#website"},"datePublished":"2025-03-24T15:34:47+00:00","dateModified":"2025-06-10T06:52:21+00:00","breadcrumb":{"@id":"https:\/\/www.cosmic-booking-engine.com\/de\/was-zeichnet-cosmic-aus\/#breadcrumb"},"inLanguage":"de","potentialAction":[{"@type":"ReadAction","target":["https:\/\/www.cosmic-booking-engine.com\/de\/was-zeichnet-cosmic-aus\/"]}]},{"@type":"BreadcrumbList","@id":"https:\/\/www.cosmic-booking-engine.com\/de\/was-zeichnet-cosmic-aus\/#breadcrumb","itemListElement":[{"@type":"ListItem","position":1,"name":"Home","item":"https:\/\/www.cosmic-booking-engine.com\/"},{"@type":"ListItem","position":2,"name":"Was zeichnet Cosmic aus?"}]},{"@type":"WebSite","@id":"https:\/\/www.cosmic-booking-engine.com\/#website","url":"https:\/\/www.cosmic-booking-engine.com\/","name":"Cosmic Booking Engine","description":"","publisher":{"@id":"https:\/\/www.cosmic-booking-engine.com\/#organization"},"potentialAction":[{"@type":"SearchAction","target":{"@type":"EntryPoint","urlTemplate":"https:\/\/www.cosmic-booking-engine.com\/?s={search_term_string}"},"query-input":{"@type":"PropertyValueSpecification","valueRequired":true,"valueName":"search_term_string"}}],"inLanguage":"de"},{"@type":"Organization","@id":"https:\/\/www.cosmic-booking-engine.com\/#organization","name":"Cosmic Booking Engine","url":"https:\/\/www.cosmic-booking-engine.com\/","logo":{"@type":"ImageObject","inLanguage":"de","@id":"https:\/\/www.cosmic-booking-engine.com\/#\/schema\/logo\/image\/","url":"https:\/\/www.cosmic-booking-engine.com\/wp-content\/uploads\/2025\/09\/favicon.png","contentUrl":"https:\/\/www.cosmic-booking-engine.com\/wp-content\/uploads\/2025\/09\/favicon.png","width":500,"height":500,"caption":"Cosmic Booking Engine"},"image":{"@id":"https:\/\/www.cosmic-booking-engine.com\/#\/schema\/logo\/image\/"}}]}},"_links":{"self":[{"href":"https:\/\/www.cosmic-booking-engine.com\/de\/wp-json\/wp\/v2\/pages\/5831","targetHints":{"allow":["GET"]}}],"collection":[{"href":"https:\/\/www.cosmic-booking-engine.com\/de\/wp-json\/wp\/v2\/pages"}],"about":[{"href":"https:\/\/www.cosmic-booking-engine.com\/de\/wp-json\/wp\/v2\/types\/page"}],"author":[{"embeddable":true,"href":"https:\/\/www.cosmic-booking-engine.com\/de\/wp-json\/wp\/v2\/users\/1"}],"replies":[{"embeddable":true,"href":"https:\/\/www.cosmic-booking-engine.com\/de\/wp-json\/wp\/v2\/comments?post=5831"}],"version-history":[{"count":18,"href":"https:\/\/www.cosmic-booking-engine.com\/de\/wp-json\/wp\/v2\/pages\/5831\/revisions"}],"predecessor-version":[{"id":6116,"href":"https:\/\/www.cosmic-booking-engine.com\/de\/wp-json\/wp\/v2\/pages\/5831\/revisions\/6116"}],"wp:attachment":[{"href":"https:\/\/www.cosmic-booking-engine.com\/de\/wp-json\/wp\/v2\/media?parent=5831"}],"curies":[{"name":"wp","href":"https:\/\/api.w.org\/{rel}","templated":true}]}}